{"id":2995,"date":"2020-08-28T11:11:24","date_gmt":"2020-08-28T09:11:24","guid":{"rendered":"https:\/\/www.humantrip.fr\/?page_id=2995"},"modified":"2021-01-26T10:33:21","modified_gmt":"2021-01-26T09:33:21","slug":"der-blog","status":"publish","type":"page","link":"https:\/\/www.humantrip.fr\/de\/der-blog\/","title":{"rendered":"Der Human Trip Blog"},"content":{"rendered":"<div data-elementor-type=\"wp-page\" data-elementor-id=\"2995\" class=\"elementor elementor-2995\" data-elementor-post-type=\"page\">\n\t\t\t\t\t\t<section class=\"elementor-section elementor-top-section elementor-element elementor-element-5502eca6 elementor-section-full_width elementor-section-height-min-height elementor-section-height-default elementor-section-items-middle\" data-id=\"5502eca6\" data-element_type=\"section\" data-e-type=\"section\" data-settings=\"{&quot;background_background&quot;:&quot;classic&quot;}\">\n\t\t\t\t\t\t<div class=\"elementor-container elementor-column-gap-default\">\n\t\t\t\t\t<div class=\"elementor-column elementor-col-100 elementor-top-column elementor-element elementor-element-4352fd33\" data-id=\"4352fd33\" data-element_type=\"column\" data-e-type=\"column\">\n\t\t\t<div class=\"elementor-widget-wrap\">\n\t\t\t\t\t\t\t<\/div>\n\t\t<\/div>\n\t\t\t\t\t<\/div>\n\t\t<\/section>\n\t\t\t\t<section class=\"elementor-section elementor-top-section elementor-element elementor-element-91fc573 elementor-section-full_width elementor-section-height-min-height elementor-section-height-default elementor-section-items-middle\" data-id=\"91fc573\" data-element_type=\"section\" data-e-type=\"section\" data-settings=\"{&quot;background_background&quot;:&quot;classic&quot;}\">\n\t\t\t\t\t\t<div class=\"elementor-container elementor-column-gap-default\">\n\t\t\t\t\t<div class=\"elementor-column elementor-col-100 elementor-top-column elementor-element elementor-element-12709ba\" data-id=\"12709ba\" data-element_type=\"column\" data-e-type=\"column\">\n\t\t\t<div class=\"elementor-widget-wrap\">\n\t\t\t\t\t\t\t<\/div>\n\t\t<\/div>\n\t\t\t\t\t<\/div>\n\t\t<\/section>\n\t\t\t\t<section class=\"elementor-section elementor-top-section elementor-element elementor-element-2a9de149 elementor-section-boxed elementor-section-height-default elementor-section-height-default\" data-id=\"2a9de149\" data-element_type=\"section\" data-e-type=\"section\">\n\t\t\t\t\t\t<div class=\"elementor-container elementor-column-gap-default\">\n\t\t\t\t\t<div class=\"elementor-column elementor-col-100 elementor-top-column elementor-element elementor-element-1274ae64\" data-id=\"1274ae64\" data-element_type=\"column\" data-e-type=\"column\">\n\t\t\t<div class=\"elementor-widget-wrap elementor-element-populated\">\n\t\t\t\t\t\t<div class=\"elementor-element elementor-element-20e31cbb elementor-widget elementor-widget-heading\" data-id=\"20e31cbb\" data-element_type=\"widget\" data-e-type=\"widget\" data-widget_type=\"heading.default\">\n\t\t\t\t<div class=\"elementor-widget-container\">\n\t\t\t\t\t<h2 class=\"elementor-heading-title elementor-size-default\">Der Human Trip Blog<\/h2>\t\t\t\t<\/div>\n\t\t\t\t<\/div>\n\t\t\t\t\t<\/div>\n\t\t<\/div>\n\t\t\t\t\t<\/div>\n\t\t<\/section>\n\t\t\t\t<section class=\"elementor-section elementor-top-section elementor-element elementor-element-2e047c82 elementor-section-full_width elementor-section-height-min-height elementor-section-height-default elementor-section-items-middle\" data-id=\"2e047c82\" data-element_type=\"section\" data-e-type=\"section\" data-settings=\"{&quot;background_background&quot;:&quot;classic&quot;}\">\n\t\t\t\t\t\t<div class=\"elementor-container elementor-column-gap-default\">\n\t\t\t\t\t<div class=\"elementor-column elementor-col-100 elementor-top-column elementor-element elementor-element-4fc153a9\" data-id=\"4fc153a9\" data-element_type=\"column\" data-e-type=\"column\">\n\t\t\t<div class=\"elementor-widget-wrap\">\n\t\t\t\t\t\t\t<\/div>\n\t\t<\/div>\n\t\t\t\t\t<\/div>\n\t\t<\/section>\n\t\t\t\t<section class=\"elementor-section elementor-top-section elementor-element elementor-element-7333a242 elementor-section-boxed elementor-section-height-default elementor-section-height-default\" data-id=\"7333a242\" data-element_type=\"section\" data-e-type=\"section\" data-settings=\"{&quot;background_background&quot;:&quot;classic&quot;}\">\n\t\t\t\t\t\t<div class=\"elementor-container elementor-column-gap-default\">\n\t\t\t\t\t<div class=\"elementor-column elementor-col-100 elementor-top-column elementor-element elementor-element-6fd1e38e\" data-id=\"6fd1e38e\" data-element_type=\"column\" data-e-type=\"column\">\n\t\t\t<div class=\"elementor-widget-wrap elementor-element-populated\">\n\t\t\t\t\t\t<div class=\"elementor-element elementor-element-a7bd999 elementor-widget elementor-widget-text-editor\" data-id=\"a7bd999\" data-element_type=\"widget\" data-e-type=\"widget\" data-widget_type=\"text-editor.default\">\n\t\t\t\t<div class=\"elementor-widget-container\">\n\t\t\t\t\t\t\t\t\t<p>Hier finden Sie alle unsere Neuigkeiten, die neuen Humantrip-Aufenthalte,<br \/>Nachrichten zum solidarischen Tourismus sowie alle von unserem Team herausgegebenen Publikationen.<br \/>Melden Sie sich f\u00fcr den Newsletter an, um \u00fcber alle Neuigkeiten informiert zu werden.<\/p>\t\t\t\t\t\t\t\t<\/div>\n\t\t\t\t<\/div>\n\t\t\t\t<div class=\"elementor-element elementor-element-ca00a79 elementor-grid-4 elementor-grid-tablet-2 elementor-grid-mobile-1 elementor-posts--thumbnail-top elementor-card-shadow-yes elementor-posts__hover-gradient elementor-widget elementor-widget-posts\" data-id=\"ca00a79\" data-element_type=\"widget\" data-e-type=\"widget\" data-settings=\"{&quot;cards_columns&quot;:&quot;4&quot;,&quot;cards_columns_tablet&quot;:&quot;2&quot;,&quot;cards_columns_mobile&quot;:&quot;1&quot;,&quot;cards_row_gap&quot;:{&quot;unit&quot;:&quot;px&quot;,&quot;size&quot;:35,&quot;sizes&quot;:[]},&quot;cards_row_gap_tablet&quot;:{&quot;unit&quot;:&quot;px&quot;,&quot;size&quot;:&quot;&quot;,&quot;sizes&quot;:[]},&quot;cards_row_gap_mobile&quot;:{&quot;unit&quot;:&quot;px&quot;,&quot;size&quot;:&quot;&quot;,&quot;sizes&quot;:[]}}\" data-widget_type=\"posts.cards\">\n\t\t\t\t<div class=\"elementor-widget-container\">\n\t\t\t\t\t\t\t<div class=\"elementor-posts-container elementor-posts elementor-posts--skin-cards elementor-grid\" role=\"list\">\n\t\t\t\t<article class=\"elementor-post elementor-grid-item post-11150 post type-post status-publish format-standard has-post-thumbnail hentry category-actualites\" role=\"listitem\">\n\t\t\t<div class=\"elementor-post__card\">\n\t\t\t\t<a class=\"elementor-post__thumbnail__link\" href=\"https:\/\/www.humantrip.fr\/de\/weihnachtslotto-24-november-2024\/\" tabindex=\"-1\" ><div class=\"elementor-post__thumbnail\"><img decoding=\"async\" width=\"300\" height=\"115\" src=\"https:\/\/www.humantrip.fr\/wp-content\/uploads\/2024\/10\/24.10.03-AFFICHE-A3-1-1-e1730210514259-300x115.png\" class=\"attachment-medium size-medium wp-image-11151\" alt=\"\" srcset=\"https:\/\/www.humantrip.fr\/wp-content\/uploads\/2024\/10\/24.10.03-AFFICHE-A3-1-1-e1730210514259-300x115.png 300w, https:\/\/www.humantrip.fr\/wp-content\/uploads\/2024\/10\/24.10.03-AFFICHE-A3-1-1-e1730210514259-1024x393.png 1024w, https:\/\/www.humantrip.fr\/wp-content\/uploads\/2024\/10\/24.10.03-AFFICHE-A3-1-1-e1730210514259-768x295.png 768w, https:\/\/www.humantrip.fr\/wp-content\/uploads\/2024\/10\/24.10.03-AFFICHE-A3-1-1-e1730210514259-1536x590.png 1536w, https:\/\/www.humantrip.fr\/wp-content\/uploads\/2024\/10\/24.10.03-AFFICHE-A3-1-1-e1730210514259-18x7.png 18w, https:\/\/www.humantrip.fr\/wp-content\/uploads\/2024\/10\/24.10.03-AFFICHE-A3-1-1-e1730210514259-450x173.png 450w, https:\/\/www.humantrip.fr\/wp-content\/uploads\/2024\/10\/24.10.03-AFFICHE-A3-1-1-e1730210514259-1302x500.png 1302w, https:\/\/www.humantrip.fr\/wp-content\/uploads\/2024\/10\/24.10.03-AFFICHE-A3-1-1-e1730210514259.png 2046w\" sizes=\"(max-width: 300px) 100vw, 300px\" \/><\/div><\/a>\n\t\t\t\t<div class=\"elementor-post__badge\">Nachrichten<\/div>\n\t\t\t\t<div class=\"elementor-post__text\">\n\t\t\t\t<h2 class=\"elementor-post__title\">\n\t\t\t<a href=\"https:\/\/www.humantrip.fr\/de\/weihnachtslotto-24-november-2024\/\" >\n\t\t\t\tWEIHNACHTSLOTTO 24. NOVEMBER 2024\t\t\t<\/a>\n\t\t<\/h2>\n\t\t\t\t<div class=\"elementor-post__excerpt\">\n\t\t\t<p>\u2764\ufe0f WEIHNACHTSLOTTO \ud83c\udf85\ud83c\udf84 Wir treffen uns am 24. November 2024 in Bouc Bel Air zu unserem gro\u00dfen Weihnachtslotto im<\/p>\n\t\t<\/div>\n\t\t\n\t\t<a class=\"elementor-post__read-more\" href=\"https:\/\/www.humantrip.fr\/de\/weihnachtslotto-24-november-2024\/\" aria-label=\"Mehr \u00fcber WEIHNACHTSLOTTO 24. NOVEMBER 2024\" tabindex=\"-1\" >\n\t\t\tLesen Sie mehr\t\t<\/a>\n\n\t\t\t\t<\/div>\n\t\t\t\t<div class=\"elementor-post__meta-data\">\n\t\t\t\t\t<span class=\"elementor-post-date\">\n\t\t\t29. Oktober 2024\t\t<\/span>\n\t\t\t\t<span class=\"elementor-post-avatar\">\n\t\t\tKeine Kommentare\t\t<\/span>\n\t\t\t\t<\/div>\n\t\t\t\t\t<\/div>\n\t\t<\/article>\n\t\t\t\t<article class=\"elementor-post elementor-grid-item post-11022 post type-post status-publish format-standard hentry category-actualites\" role=\"listitem\">\n\t\t\t<div class=\"elementor-post__card\">\n\t\t\t\t<div class=\"elementor-post__text\">\n\t\t\t\t<h2 class=\"elementor-post__title\">\n\t\t\t<a href=\"https:\/\/www.humantrip.fr\/de\/bartolome-de-las-casas-der-erste-humanitare-reisende-der-die-geschichte-veranderte\/\" >\n\t\t\t\tBartolom\u00e9 de las Casas: Der Erste Humanit\u00e4re Reisende, der die Geschichte ver\u00e4nderte\t\t\t<\/a>\n\t\t<\/h2>\n\t\t\t\t<div class=\"elementor-post__excerpt\">\n\t\t\t<p>Reisen in all seinen Formen war schon immer ein Streben nach Entdeckung. Doch f\u00fcr einige, wie Bartolom\u00e9 de las Casas, wurde das Reisen zu einer<\/p>\n\t\t<\/div>\n\t\t\n\t\t<a class=\"elementor-post__read-more\" href=\"https:\/\/www.humantrip.fr\/de\/bartolome-de-las-casas-der-erste-humanitare-reisende-der-die-geschichte-veranderte\/\" aria-label=\"Mehr \u00fcber Bartolom\u00e9 de las Casas: Der Erste Humanit\u00e4re Reisende, der die Geschichte ver\u00e4nderte\" tabindex=\"-1\" >\n\t\t\tLesen Sie mehr\t\t<\/a>\n\n\t\t\t\t<\/div>\n\t\t\t\t<div class=\"elementor-post__meta-data\">\n\t\t\t\t\t<span class=\"elementor-post-date\">\n\t\t\t30. September 2024\t\t<\/span>\n\t\t\t\t<span class=\"elementor-post-avatar\">\n\t\t\tKeine Kommentare\t\t<\/span>\n\t\t\t\t<\/div>\n\t\t\t\t\t<\/div>\n\t\t<\/article>\n\t\t\t\t<article class=\"elementor-post elementor-grid-item post-10097 post type-post status-publish format-standard hentry category-actualites\" role=\"listitem\">\n\t\t\t<div class=\"elementor-post__card\">\n\t\t\t\t<div class=\"elementor-post__text\">\n\t\t\t\t<h2 class=\"elementor-post__title\">\n\t\t\t<a href=\"https:\/\/www.humantrip.fr\/de\/herz-lotto-3-april-2022\/\" >\n\t\t\t\tHERZ-LOTTO 3. APRIL 2022\t\t\t<\/a>\n\t\t<\/h2>\n\t\t\t\t<div class=\"elementor-post__excerpt\">\n\t\t\t<p>LOTO DES HERZENS Um Kindern in der Ukraine und Nepal zu helfen, organisiert der Verein Human Trip ein gro\u00dfes Lotto: Sonntag, 3. April<\/p>\n\t\t<\/div>\n\t\t\n\t\t<a class=\"elementor-post__read-more\" href=\"https:\/\/www.humantrip.fr\/de\/herz-lotto-3-april-2022\/\" aria-label=\"Mehr \u00fcber LOTO DU COEUR 3. APRIL 2022\" tabindex=\"-1\" >\n\t\t\tLesen Sie mehr\t\t<\/a>\n\n\t\t\t\t<\/div>\n\t\t\t\t<div class=\"elementor-post__meta-data\">\n\t\t\t\t\t<span class=\"elementor-post-date\">\n\t\t\t18. M\u00e4rz 2022\t\t<\/span>\n\t\t\t\t<span class=\"elementor-post-avatar\">\n\t\t\tKeine Kommentare\t\t<\/span>\n\t\t\t\t<\/div>\n\t\t\t\t\t<\/div>\n\t\t<\/article>\n\t\t\t\t<article class=\"elementor-post elementor-grid-item post-9957 post type-post status-publish format-standard hentry category-actualites\" role=\"listitem\">\n\t\t\t<div class=\"elementor-post__card\">\n\t\t\t\t<div class=\"elementor-post__text\">\n\t\t\t\t<h2 class=\"elementor-post__title\">\n\t\t\t<a href=\"https:\/\/www.humantrip.fr\/de\/9957-2\/\" >\n\t\t\t\tDIE HERZTOMBOLA 18. DEZEMBER 2021\t\t\t<\/a>\n\t\t<\/h2>\n\t\t\t\t<div class=\"elementor-post__excerpt\">\n\t\t\t<p>&nbsp; Der Termin steht fest: Die Verlosung findet am 18. Dezember statt. Die Tombola wird zugunsten des Vereins Human Trip veranstaltet und bietet folgende M\u00f6glichkeiten<\/p>\n\t\t<\/div>\n\t\t\n\t\t<a class=\"elementor-post__read-more\" href=\"https:\/\/www.humantrip.fr\/de\/9957-2\/\" aria-label=\"Mehr \u00fcber LA TOMBOLA DU COUREUR 18 DEZEMBER 2021\" tabindex=\"-1\" >\n\t\t\tLesen Sie mehr\t\t<\/a>\n\n\t\t\t\t<\/div>\n\t\t\t\t<div class=\"elementor-post__meta-data\">\n\t\t\t\t\t<span class=\"elementor-post-date\">\n\t\t\t1. Dezember 2021\t\t<\/span>\n\t\t\t\t<span class=\"elementor-post-avatar\">\n\t\t\tKeine Kommentare\t\t<\/span>\n\t\t\t\t<\/div>\n\t\t\t\t\t<\/div>\n\t\t<\/article>\n\t\t\t\t<\/div>\n\t\t\n\t\t\t\t\t\t<\/div>\n\t\t\t\t<\/div>\n\t\t\t\t\t<\/div>\n\t\t<\/div>\n\t\t\t\t\t<\/div>\n\t\t<\/section>\n\t\t\t\t<\/div>","protected":false},"excerpt":{"rendered":"<p>Hier finden Sie alle unsere Neuigkeiten, die neuen Humantrip-Reisen, Neuigkeiten \u00fcber solidarischen Tourismus sowie alle von unserem Team herausgegebenen Publikationen. Abonnieren Sie den Newsletter, um \u00fcber alle Neuigkeiten informiert zu werden.<\/p>","protected":false},"author":1,"featured_media":0,"parent":0,"menu_order":0,"comment_status":"closed","ping_status":"closed","template":"","meta":{"_acf_changed":false,"inline_featured_image":false,"footnotes":""},"class_list":["post-2995","page","type-page","status-publish","hentry"],"acf":[],"_links":{"self":[{"href":"https:\/\/www.humantrip.fr\/de\/wp-json\/wp\/v2\/pages\/2995","targetHints":{"allow":["GET"]}}],"collection":[{"href":"https:\/\/www.humantrip.fr\/de\/wp-json\/wp\/v2\/pages"}],"about":[{"href":"https:\/\/www.humantrip.fr\/de\/wp-json\/wp\/v2\/types\/page"}],"author":[{"embeddable":true,"href":"https:\/\/www.humantrip.fr\/de\/wp-json\/wp\/v2\/users\/1"}],"replies":[{"embeddable":true,"href":"https:\/\/www.humantrip.fr\/de\/wp-json\/wp\/v2\/comments?post=2995"}],"version-history":[{"count":10,"href":"https:\/\/www.humantrip.fr\/de\/wp-json\/wp\/v2\/pages\/2995\/revisions"}],"predecessor-version":[{"id":9122,"href":"https:\/\/www.humantrip.fr\/de\/wp-json\/wp\/v2\/pages\/2995\/revisions\/9122"}],"wp:attachment":[{"href":"https:\/\/www.humantrip.fr\/de\/wp-json\/wp\/v2\/media?parent=2995"}],"curies":[{"name":"wp","href":"https:\/\/api.w.org\/{rel}","templated":true}]}}