{"id":3771,"date":"2020-09-03T11:05:50","date_gmt":"2020-09-03T09:05:50","guid":{"rendered":"https:\/\/www.humantrip.fr\/?page_id=3771"},"modified":"2021-01-26T10:32:31","modified_gmt":"2021-01-26T09:32:31","slug":"rechtliche-hinweise","status":"publish","type":"page","link":"https:\/\/www.humantrip.fr\/de\/rechtliche-hinweise\/","title":{"rendered":"Rechtliche Hinweise"},"content":{"rendered":"<div data-elementor-type=\"wp-page\" data-elementor-id=\"3771\" class=\"elementor elementor-3771\" data-elementor-post-type=\"page\">\n\t\t\t\t\t\t<section class=\"elementor-section elementor-top-section elementor-element elementor-element-5015c384 elementor-section-full_width elementor-section-height-min-height elementor-section-height-default elementor-section-items-middle\" data-id=\"5015c384\" data-element_type=\"section\" data-e-type=\"section\" data-settings=\"{&quot;background_background&quot;:&quot;classic&quot;}\">\n\t\t\t\t\t\t<div class=\"elementor-container elementor-column-gap-default\">\n\t\t\t\t\t<div class=\"elementor-column elementor-col-100 elementor-top-column elementor-element elementor-element-291993cd\" data-id=\"291993cd\" data-element_type=\"column\" data-e-type=\"column\">\n\t\t\t<div class=\"elementor-widget-wrap\">\n\t\t\t\t\t\t\t<\/div>\n\t\t<\/div>\n\t\t\t\t\t<\/div>\n\t\t<\/section>\n\t\t\t\t<section class=\"elementor-section elementor-top-section elementor-element elementor-element-30920d97 elementor-section-full_width elementor-section-height-min-height elementor-section-height-default elementor-section-items-middle\" data-id=\"30920d97\" data-element_type=\"section\" data-e-type=\"section\" data-settings=\"{&quot;background_background&quot;:&quot;classic&quot;}\">\n\t\t\t\t\t\t<div class=\"elementor-container elementor-column-gap-default\">\n\t\t\t\t\t<div class=\"elementor-column elementor-col-100 elementor-top-column elementor-element elementor-element-5b69c6a5\" data-id=\"5b69c6a5\" data-element_type=\"column\" data-e-type=\"column\">\n\t\t\t<div class=\"elementor-widget-wrap\">\n\t\t\t\t\t\t\t<\/div>\n\t\t<\/div>\n\t\t\t\t\t<\/div>\n\t\t<\/section>\n\t\t\t\t<section class=\"elementor-section elementor-top-section elementor-element elementor-element-3045262f elementor-section-boxed elementor-section-height-default elementor-section-height-default\" data-id=\"3045262f\" data-element_type=\"section\" data-e-type=\"section\">\n\t\t\t\t\t\t<div class=\"elementor-container elementor-column-gap-default\">\n\t\t\t\t\t<div class=\"elementor-column elementor-col-100 elementor-top-column elementor-element elementor-element-50b93c4\" data-id=\"50b93c4\" data-element_type=\"column\" data-e-type=\"column\">\n\t\t\t<div class=\"elementor-widget-wrap elementor-element-populated\">\n\t\t\t\t\t\t<div class=\"elementor-element elementor-element-3c530657 elementor-widget elementor-widget-heading\" data-id=\"3c530657\" data-element_type=\"widget\" data-e-type=\"widget\" data-widget_type=\"heading.default\">\n\t\t\t\t<div class=\"elementor-widget-container\">\n\t\t\t\t\t<h2 class=\"elementor-heading-title elementor-size-default\">Rechtliche Hinweise<\/h2>\t\t\t\t<\/div>\n\t\t\t\t<\/div>\n\t\t\t\t\t<\/div>\n\t\t<\/div>\n\t\t\t\t\t<\/div>\n\t\t<\/section>\n\t\t\t\t<section class=\"elementor-section elementor-top-section elementor-element elementor-element-42c65465 elementor-section-full_width elementor-section-height-min-height elementor-section-height-default elementor-section-items-middle\" data-id=\"42c65465\" data-element_type=\"section\" data-e-type=\"section\" data-settings=\"{&quot;background_background&quot;:&quot;classic&quot;}\">\n\t\t\t\t\t\t<div class=\"elementor-container elementor-column-gap-default\">\n\t\t\t\t\t<div class=\"elementor-column elementor-col-100 elementor-top-column elementor-element elementor-element-318aaa16\" data-id=\"318aaa16\" data-element_type=\"column\" data-e-type=\"column\">\n\t\t\t<div class=\"elementor-widget-wrap\">\n\t\t\t\t\t\t\t<\/div>\n\t\t<\/div>\n\t\t\t\t\t<\/div>\n\t\t<\/section>\n\t\t\t\t<section class=\"elementor-section elementor-top-section elementor-element elementor-element-7c7e7d6c elementor-section-boxed elementor-section-height-default elementor-section-height-default\" data-id=\"7c7e7d6c\" data-element_type=\"section\" data-e-type=\"section\" data-settings=\"{&quot;background_background&quot;:&quot;classic&quot;}\">\n\t\t\t\t\t\t<div class=\"elementor-container elementor-column-gap-default\">\n\t\t\t\t\t<div class=\"elementor-column elementor-col-100 elementor-top-column elementor-element elementor-element-446f51f8\" data-id=\"446f51f8\" data-element_type=\"column\" data-e-type=\"column\">\n\t\t\t<div class=\"elementor-widget-wrap elementor-element-populated\">\n\t\t\t\t\t\t<div class=\"elementor-element elementor-element-7eccaebf elementor-widget elementor-widget-text-editor\" data-id=\"7eccaebf\" data-element_type=\"widget\" data-e-type=\"widget\" data-widget_type=\"text-editor.default\">\n\t\t\t\t<div class=\"elementor-widget-container\">\n\t\t\t\t\t\t\t\t\t<p>HUMANTRIP, SARL LE VOYAGE HUMAIN - RCS AIX EN PROVENCE 500 900 899 - IM013100006 - Finanzielle Garantie APS - RCP-Versicherung HISCOX 0077782<br \/>Les Portes de l'Arbois - B\u00e2t.B - 1090 rue Ren\u00e9 Descartes - Parc de la Duranne - 13857 AIX-EN-PROVENCE Cedex 3<\/p><h2>Unterkunft<\/h2><p>Die Website humantrip.de wird von der Firma PYMAC, 11 rue Louise Colet, 13 090 Aix-en-Provence, gehostet.<\/p><h2>Geistiges Eigentum<\/h2><p>Der gesamte Inhalt der Website humantrip.fr (Bilder, Texte, Videos...) unterliegt der geltenden franz\u00f6sischen und internationalen Gesetzgebung zum geistigen Eigentum (Urheberrecht, Markenrecht, Datenbankrecht usw.). Jede vollst\u00e4ndige oder teilweise Vervielf\u00e4ltigung oder Darstellung der Website humantrip.fr, gleichg\u00fcltig durch welches Verfahren, ist nur f\u00fcr den rein privaten Gebrauch erlaubt. Jede andere Nutzung ist ohne vorherige und ausdr\u00fcckliche Genehmigung des Unternehmens LE VOYAGE HUMAIN untersagt.<\/p><h2>Vertraulichkeit Ihrer pers\u00f6nlichen Daten<\/h2><p>HUMANTRIP verpflichtet sich, die Vertraulichkeit der pers\u00f6nlichen Daten zu wahren, die von den Nutzern auf der Website mitgeteilt werden k\u00f6nnen.\u00a0<a href=\"https:\/\/www.humantrip.fr\/de\">http:\/\/humantrip.wordpress05.pymac.fr<\/a>\u00a0und sie in \u00dcbereinstimmung mit der EU-Verordnung 2016\/679 des Europ\u00e4ischen Parlaments und des Rates vom 27. April 2016 zum Schutz nat\u00fcrlicher Personen bei der Verarbeitung personenbezogener Daten und zum freien Datenverkehr (DSGVO) zu verarbeiten.<\/p><p>Bei Ihren Besuchen auf unserer Website k\u00f6nnen wir Sie \u00fcber unser Kontaktformular um Informationen bitten. Diese gesammelten Informationen dienen dazu, den Kunden zu identifizieren, seine Anfrage zu registrieren, um eine kommerzielle Nachbearbeitung durchf\u00fchren zu k\u00f6nnen.<\/p><p>Sie sind ausschlie\u00dflich f\u00fcr HUMANTRIP bestimmt und dienen der Verarbeitung, Analyse, institutionellen Kommunikation und, falls Sie damit einverstanden sind, kommerziellen Angeboten.<\/p><p>Gem\u00e4\u00df der DSGVO haben Sie bei einfachem Nachweis Ihrer Identit\u00e4t das Recht auf Zugang, Berichtigung, \u00dcbertragbarkeit, L\u00f6schung oder Einschr\u00e4nkung der Verarbeitung. Dazu m\u00fcssen Sie uns einen Brief an die folgende Adresse schicken: HUMANTRIP, SARL LE VOYAGE HUMAIN, Les Portes de l'Arbois - B\u00e2t.B - 1090 rue Ren\u00e9 Descartes - Parc de la Duranne - 13857 AIX-EN-PROVENCE Cedex 3<\/p><p>Die Aufbewahrungsdauer der Daten betr\u00e4gt 13 Monate.<\/p><p>Bei Ihrem Besuch auf unserer Website kann HUMANTRIP ein Cookie auf Ihrem Computer platzieren. Ein Cookie ist eine Textdatei, die von Ihrem Browser beim Besuch einer Internetseite auf einem daf\u00fcr vorgesehenen Platz auf der Festplatte Ihres Endger\u00e4ts (Computer, Tablet, Smartphone) gespeichert wird. Sie erm\u00f6glicht es ihrem Emittenten, das Terminal, in dem sie abgelegt wurde, w\u00e4hrend ihrer G\u00fcltigkeitsdauer zu identifizieren und bestimmte Informationen \u00fcber Ihren Besuch zu speichern, insbesondere um Ihre Navigation auf den Websites zu vereinfachen oder Ihnen Inhalte anzubieten, die Ihren Interessen entsprechen.<\/p>\t\t\t\t\t\t\t\t<\/div>\n\t\t\t\t<\/div>\n\t\t\t\t\t<\/div>\n\t\t<\/div>\n\t\t\t\t\t<\/div>\n\t\t<\/section>\n\t\t\t\t<\/div>","protected":false},"excerpt":{"rendered":"<p>HUMANTRIP, SARL LE VOYAGE HUMAIN &#8211; RCS AIX EN PROVENCE 500 900 899 &#8211; IM013100006 &#8211; Garantie Financi\u00e8re APS &#8211; Assurance RCP HISCOX 0077782Les Portes de l&rsquo;Arbois &#8211; B\u00e2t.B &#8211; 1090 rue Ren\u00e9 Descartes &#8211; Parc de la Duranne &#8211; 13857 AIX-EN-PROVENCE Cedex 3 H\u00e9bergement Le site humantrip.fr est h\u00e9berg\u00e9 par la soci\u00e9t\u00e9 PYMAC, 11 [&hellip;]<\/p>\n","protected":false},"author":1,"featured_media":0,"parent":0,"menu_order":0,"comment_status":"closed","ping_status":"closed","template":"","meta":{"_acf_changed":false,"inline_featured_image":false,"footnotes":""},"class_list":["post-3771","page","type-page","status-publish","hentry"],"acf":[],"_links":{"self":[{"href":"https:\/\/www.humantrip.fr\/de\/wp-json\/wp\/v2\/pages\/3771","targetHints":{"allow":["GET"]}}],"collection":[{"href":"https:\/\/www.humantrip.fr\/de\/wp-json\/wp\/v2\/pages"}],"about":[{"href":"https:\/\/www.humantrip.fr\/de\/wp-json\/wp\/v2\/types\/page"}],"author":[{"embeddable":true,"href":"https:\/\/www.humantrip.fr\/de\/wp-json\/wp\/v2\/users\/1"}],"replies":[{"embeddable":true,"href":"https:\/\/www.humantrip.fr\/de\/wp-json\/wp\/v2\/comments?post=3771"}],"version-history":[{"count":9,"href":"https:\/\/www.humantrip.fr\/de\/wp-json\/wp\/v2\/pages\/3771\/revisions"}],"predecessor-version":[{"id":9117,"href":"https:\/\/www.humantrip.fr\/de\/wp-json\/wp\/v2\/pages\/3771\/revisions\/9117"}],"wp:attachment":[{"href":"https:\/\/www.humantrip.fr\/de\/wp-json\/wp\/v2\/media?parent=3771"}],"curies":[{"name":"wp","href":"https:\/\/api.w.org\/{rel}","templated":true}]}}