{"id":3780,"date":"2020-09-03T11:14:12","date_gmt":"2020-09-03T09:14:12","guid":{"rendered":"https:\/\/www.humantrip.fr\/?page_id=3780"},"modified":"2021-01-26T10:33:37","modified_gmt":"2021-01-26T09:33:37","slug":"sicherheit-und-vertraulichkeit","status":"publish","type":"page","link":"https:\/\/www.humantrip.fr\/de\/sicherheit-und-vertraulichkeit\/","title":{"rendered":"Sicherheit und Datenschutz"},"content":{"rendered":"<div data-elementor-type=\"wp-page\" data-elementor-id=\"3780\" class=\"elementor elementor-3780\" data-elementor-post-type=\"page\">\n\t\t\t\t\t\t<section class=\"elementor-section elementor-top-section elementor-element elementor-element-5015c384 elementor-section-full_width elementor-section-height-min-height elementor-section-height-default elementor-section-items-middle\" data-id=\"5015c384\" data-element_type=\"section\" data-e-type=\"section\" data-settings=\"{&quot;background_background&quot;:&quot;classic&quot;}\">\n\t\t\t\t\t\t<div class=\"elementor-container elementor-column-gap-default\">\n\t\t\t\t\t<div class=\"elementor-column elementor-col-100 elementor-top-column elementor-element elementor-element-291993cd\" data-id=\"291993cd\" data-element_type=\"column\" data-e-type=\"column\">\n\t\t\t<div class=\"elementor-widget-wrap\">\n\t\t\t\t\t\t\t<\/div>\n\t\t<\/div>\n\t\t\t\t\t<\/div>\n\t\t<\/section>\n\t\t\t\t<section class=\"elementor-section elementor-top-section elementor-element elementor-element-30920d97 elementor-section-full_width elementor-section-height-min-height elementor-section-height-default elementor-section-items-middle\" data-id=\"30920d97\" data-element_type=\"section\" data-e-type=\"section\" data-settings=\"{&quot;background_background&quot;:&quot;classic&quot;}\">\n\t\t\t\t\t\t<div class=\"elementor-container elementor-column-gap-default\">\n\t\t\t\t\t<div class=\"elementor-column elementor-col-100 elementor-top-column elementor-element elementor-element-5b69c6a5\" data-id=\"5b69c6a5\" data-element_type=\"column\" data-e-type=\"column\">\n\t\t\t<div class=\"elementor-widget-wrap\">\n\t\t\t\t\t\t\t<\/div>\n\t\t<\/div>\n\t\t\t\t\t<\/div>\n\t\t<\/section>\n\t\t\t\t<section class=\"elementor-section elementor-top-section elementor-element elementor-element-3045262f elementor-section-boxed elementor-section-height-default elementor-section-height-default\" data-id=\"3045262f\" data-element_type=\"section\" data-e-type=\"section\">\n\t\t\t\t\t\t<div class=\"elementor-container elementor-column-gap-default\">\n\t\t\t\t\t<div class=\"elementor-column elementor-col-100 elementor-top-column elementor-element elementor-element-50b93c4\" data-id=\"50b93c4\" data-element_type=\"column\" data-e-type=\"column\">\n\t\t\t<div class=\"elementor-widget-wrap elementor-element-populated\">\n\t\t\t\t\t\t<div class=\"elementor-element elementor-element-3c530657 elementor-widget elementor-widget-heading\" data-id=\"3c530657\" data-element_type=\"widget\" data-e-type=\"widget\" data-widget_type=\"heading.default\">\n\t\t\t\t<div class=\"elementor-widget-container\">\n\t\t\t\t\t<h2 class=\"elementor-heading-title elementor-size-default\">Sicherheit und Datenschutz<\/h2>\t\t\t\t<\/div>\n\t\t\t\t<\/div>\n\t\t\t\t\t<\/div>\n\t\t<\/div>\n\t\t\t\t\t<\/div>\n\t\t<\/section>\n\t\t\t\t<section class=\"elementor-section elementor-top-section elementor-element elementor-element-42c65465 elementor-section-full_width elementor-section-height-min-height elementor-section-height-default elementor-section-items-middle\" data-id=\"42c65465\" data-element_type=\"section\" data-e-type=\"section\" data-settings=\"{&quot;background_background&quot;:&quot;classic&quot;}\">\n\t\t\t\t\t\t<div class=\"elementor-container elementor-column-gap-default\">\n\t\t\t\t\t<div class=\"elementor-column elementor-col-100 elementor-top-column elementor-element elementor-element-318aaa16\" data-id=\"318aaa16\" data-element_type=\"column\" data-e-type=\"column\">\n\t\t\t<div class=\"elementor-widget-wrap\">\n\t\t\t\t\t\t\t<\/div>\n\t\t<\/div>\n\t\t\t\t\t<\/div>\n\t\t<\/section>\n\t\t\t\t<section class=\"elementor-section elementor-top-section elementor-element elementor-element-7c7e7d6c elementor-section-boxed elementor-section-height-default elementor-section-height-default\" data-id=\"7c7e7d6c\" data-element_type=\"section\" data-e-type=\"section\" data-settings=\"{&quot;background_background&quot;:&quot;classic&quot;}\">\n\t\t\t\t\t\t<div class=\"elementor-container elementor-column-gap-default\">\n\t\t\t\t\t<div class=\"elementor-column elementor-col-100 elementor-top-column elementor-element elementor-element-446f51f8\" data-id=\"446f51f8\" data-element_type=\"column\" data-e-type=\"column\">\n\t\t\t<div class=\"elementor-widget-wrap elementor-element-populated\">\n\t\t\t\t\t\t<div class=\"elementor-element elementor-element-7eccaebf elementor-widget elementor-widget-text-editor\" data-id=\"7eccaebf\" data-element_type=\"widget\" data-e-type=\"widget\" data-widget_type=\"text-editor.default\">\n\t\t\t\t<div class=\"elementor-widget-container\">\n\t\t\t\t\t\t\t\t\t<section class=\"page\"><div class=\"container\"><div class=\"row\"><div class=\"col-xs-12\"><div class=\"region region-content\"><section id=\"block-system-main\" class=\"block block-system clearfix\"><div class=\"field field-name-body field-type-text-with-summary field-label-hidden\"><div class=\"field-items\"><div class=\"field-item even\"><p>Die Informationen, die Sie auf der Website angeben, erm\u00f6glichen es Humantrip, Ihre Bestellungen zu bearbeiten und auszuf\u00fchren. Gem\u00e4ss Artikel 32 des Gesetzes \u00fcber Informatik und Freiheiten vom 6. Januar 1978 sind die Informationen, die f\u00fcr Humantrip zur Bearbeitung und Ausf\u00fchrung von Bestellungen unerl\u00e4sslich sind, auf den Seiten der Website mit einem Sternchen gekennzeichnet.<br \/>Die anderen verlangten Informationen, deren Beantwortung freiwillig ist, dienen dazu, die Nutzer besser kennen zu lernen und so die ihnen angebotenen Dienstleistungen zu verbessern und gleichzeitig die Sicherheit zu gew\u00e4hrleisten. Gem\u00e4\u00df dem franz\u00f6sischen Datenschutzgesetz vom 6. Januar 1978 haben Sie das Recht, auf die Sie betreffenden pers\u00f6nlichen Daten zuzugreifen und sie zu berichtigen. Wenn Sie dieses Recht aus\u00fcben m\u00f6chten, gen\u00fcgt es, uns Ihre Anfrage unter den nachstehend definierten gesetzlichen Bedingungen per E-Mail \u00fcber die Rubrik Kontakt der Website zukommen zu lassen.<br \/>Humantrip hat Sicherheitsma\u00dfnahmen auf seinen Computerservern eingef\u00fchrt, um Internetnutzer vor dem Verlust oder der nicht autorisierten Nutzung der \u00fcbermittelten und unter der Kontrolle des Hosters stehenden Informationen \u00fcber sie zu sch\u00fctzen.<br \/>Jedoch ist kein Sicherheitsmechanismus perfekt und die Nutzer sollten sich bewusst sein, dass immer ein gewisses Risiko besteht, dass pers\u00f6nliche Informationen, die an Humantrip \u00fcbermittelt werden, ohne ihre Zustimmung und ohne Verschulden von Humantrip offengelegt werden. Humantrip \u00fcbernimmt keine Verantwortung daf\u00fcr, dass die vertraulichen Informationen von Nutzern offengelegt werden, es sei denn, Humantrip handelt fahrl\u00e4ssig.<br \/>\u00a0<\/p><h2>Das Sammeln von Daten (Cookies)<\/h2><p>Die Seite\u00a0<a href=\"http:\/\/www.humantrip.fr\/de\/\">www.humantrip.fr<\/a>\u00a0kann Cookies auf Ihrem Computer platzieren. Diese Cookies speichern Informationen \u00fcber Ihre Navigation auf unserer Website und k\u00f6nnen dazu verwendet werden, Informationen zu speichern, die Sie w\u00e4hrend Ihres Besuchs eingegeben haben. Auf diese Weise m\u00fcssen Sie diese Informationen bei Ihrem n\u00e4chsten Besuch nicht erneut eingeben. Sie k\u00f6nnen das Speichern von Cookies verhindern, indem Sie die Einstellungen Ihres Browsers entsprechend konfigurieren.<\/p><h2>Links zu anderen Seiten<\/h2><p>Die Humantrip-Website enth\u00e4lt Links zu Websites, die von anderen Organisationen und Unternehmen betrieben werden. Durch Anklicken dieser Links verl\u00e4sst der Internetnutzer die Humantrip-Website. Humantrip hat keine Kontrolle \u00fcber den Betrieb dieser Websites, und die Tatsache, dass sie auf der Humantrip-Website aufgelistet sind, bedeutet in keiner Weise, dass Humantrip daf\u00fcr verantwortlich ist. Alle pers\u00f6nlichen Informationen, die \u00fcber diese Websites \u00fcbermittelt werden, unterliegen den Datenschutzrichtlinien dieser Websites. Wir empfehlen, den Datenschutzrichtlinien dieser Sites besondere Aufmerksamkeit zu schenken.<\/p><\/div><\/div><\/div><\/section><\/div><\/div><\/div><\/div><\/section>\t\t\t\t\t\t\t\t<\/div>\n\t\t\t\t<\/div>\n\t\t\t\t\t<\/div>\n\t\t<\/div>\n\t\t\t\t\t<\/div>\n\t\t<\/section>\n\t\t\t\t<\/div>","protected":false},"excerpt":{"rendered":"<p>Les informations que vous communiquez sur le Site permettent \u00e0 Humantrip de traiter et ex\u00e9cuter vos commandes. Conform\u00e9ment \u00e0 l\u2019article 32 de la Loi Informatique et Libert\u00e9s du 6 janvier 1978, les informations indispensables \u00e0 Humantrip, pour traiter et ex\u00e9cuter les commandes, sont signal\u00e9es par un ast\u00e9risque dans les pages du Site.Les autres informations demand\u00e9es, [&hellip;]<\/p>\n","protected":false},"author":1,"featured_media":0,"parent":0,"menu_order":0,"comment_status":"closed","ping_status":"closed","template":"","meta":{"_acf_changed":false,"inline_featured_image":false,"footnotes":""},"class_list":["post-3780","page","type-page","status-publish","hentry"],"acf":[],"_links":{"self":[{"href":"https:\/\/www.humantrip.fr\/de\/wp-json\/wp\/v2\/pages\/3780","targetHints":{"allow":["GET"]}}],"collection":[{"href":"https:\/\/www.humantrip.fr\/de\/wp-json\/wp\/v2\/pages"}],"about":[{"href":"https:\/\/www.humantrip.fr\/de\/wp-json\/wp\/v2\/types\/page"}],"author":[{"embeddable":true,"href":"https:\/\/www.humantrip.fr\/de\/wp-json\/wp\/v2\/users\/1"}],"replies":[{"embeddable":true,"href":"https:\/\/www.humantrip.fr\/de\/wp-json\/wp\/v2\/comments?post=3780"}],"version-history":[{"count":5,"href":"https:\/\/www.humantrip.fr\/de\/wp-json\/wp\/v2\/pages\/3780\/revisions"}],"predecessor-version":[{"id":9129,"href":"https:\/\/www.humantrip.fr\/de\/wp-json\/wp\/v2\/pages\/3780\/revisions\/9129"}],"wp:attachment":[{"href":"https:\/\/www.humantrip.fr\/de\/wp-json\/wp\/v2\/media?parent=3780"}],"curies":[{"name":"wp","href":"https:\/\/api.w.org\/{rel}","templated":true}]}}