{"id":3771,"date":"2020-09-03T11:05:50","date_gmt":"2020-09-03T09:05:50","guid":{"rendered":"https:\/\/www.humantrip.fr\/?page_id=3771"},"modified":"2021-01-26T10:32:31","modified_gmt":"2021-01-26T09:32:31","slug":"full-marks","status":"publish","type":"page","link":"https:\/\/www.humantrip.fr\/en\/full-marks\/","title":{"rendered":"Legal information"},"content":{"rendered":"<div data-elementor-type=\"wp-page\" data-elementor-id=\"3771\" class=\"elementor elementor-3771\" data-elementor-post-type=\"page\">\n\t\t\t\t\t\t<section class=\"elementor-section elementor-top-section elementor-element elementor-element-5015c384 elementor-section-full_width elementor-section-height-min-height elementor-section-height-default elementor-section-items-middle\" data-id=\"5015c384\" data-element_type=\"section\" data-e-type=\"section\" data-settings=\"{&quot;background_background&quot;:&quot;classic&quot;}\">\n\t\t\t\t\t\t<div class=\"elementor-container elementor-column-gap-default\">\n\t\t\t\t\t<div class=\"elementor-column elementor-col-100 elementor-top-column elementor-element elementor-element-291993cd\" data-id=\"291993cd\" data-element_type=\"column\" data-e-type=\"column\">\n\t\t\t<div class=\"elementor-widget-wrap\">\n\t\t\t\t\t\t\t<\/div>\n\t\t<\/div>\n\t\t\t\t\t<\/div>\n\t\t<\/section>\n\t\t\t\t<section class=\"elementor-section elementor-top-section elementor-element elementor-element-30920d97 elementor-section-full_width elementor-section-height-min-height elementor-section-height-default elementor-section-items-middle\" data-id=\"30920d97\" data-element_type=\"section\" data-e-type=\"section\" data-settings=\"{&quot;background_background&quot;:&quot;classic&quot;}\">\n\t\t\t\t\t\t<div class=\"elementor-container elementor-column-gap-default\">\n\t\t\t\t\t<div class=\"elementor-column elementor-col-100 elementor-top-column elementor-element elementor-element-5b69c6a5\" data-id=\"5b69c6a5\" data-element_type=\"column\" data-e-type=\"column\">\n\t\t\t<div class=\"elementor-widget-wrap\">\n\t\t\t\t\t\t\t<\/div>\n\t\t<\/div>\n\t\t\t\t\t<\/div>\n\t\t<\/section>\n\t\t\t\t<section class=\"elementor-section elementor-top-section elementor-element elementor-element-3045262f elementor-section-boxed elementor-section-height-default elementor-section-height-default\" data-id=\"3045262f\" data-element_type=\"section\" data-e-type=\"section\">\n\t\t\t\t\t\t<div class=\"elementor-container elementor-column-gap-default\">\n\t\t\t\t\t<div class=\"elementor-column elementor-col-100 elementor-top-column elementor-element elementor-element-50b93c4\" data-id=\"50b93c4\" data-element_type=\"column\" data-e-type=\"column\">\n\t\t\t<div class=\"elementor-widget-wrap elementor-element-populated\">\n\t\t\t\t\t\t<div class=\"elementor-element elementor-element-3c530657 elementor-widget elementor-widget-heading\" data-id=\"3c530657\" data-element_type=\"widget\" data-e-type=\"widget\" data-widget_type=\"heading.default\">\n\t\t\t\t<div class=\"elementor-widget-container\">\n\t\t\t\t\t<h2 class=\"elementor-heading-title elementor-size-default\">Legal information<\/h2>\t\t\t\t<\/div>\n\t\t\t\t<\/div>\n\t\t\t\t\t<\/div>\n\t\t<\/div>\n\t\t\t\t\t<\/div>\n\t\t<\/section>\n\t\t\t\t<section class=\"elementor-section elementor-top-section elementor-element elementor-element-42c65465 elementor-section-full_width elementor-section-height-min-height elementor-section-height-default elementor-section-items-middle\" data-id=\"42c65465\" data-element_type=\"section\" data-e-type=\"section\" data-settings=\"{&quot;background_background&quot;:&quot;classic&quot;}\">\n\t\t\t\t\t\t<div class=\"elementor-container elementor-column-gap-default\">\n\t\t\t\t\t<div class=\"elementor-column elementor-col-100 elementor-top-column elementor-element elementor-element-318aaa16\" data-id=\"318aaa16\" data-element_type=\"column\" data-e-type=\"column\">\n\t\t\t<div class=\"elementor-widget-wrap\">\n\t\t\t\t\t\t\t<\/div>\n\t\t<\/div>\n\t\t\t\t\t<\/div>\n\t\t<\/section>\n\t\t\t\t<section class=\"elementor-section elementor-top-section elementor-element elementor-element-7c7e7d6c elementor-section-boxed elementor-section-height-default elementor-section-height-default\" data-id=\"7c7e7d6c\" data-element_type=\"section\" data-e-type=\"section\" data-settings=\"{&quot;background_background&quot;:&quot;classic&quot;}\">\n\t\t\t\t\t\t<div class=\"elementor-container elementor-column-gap-default\">\n\t\t\t\t\t<div class=\"elementor-column elementor-col-100 elementor-top-column elementor-element elementor-element-446f51f8\" data-id=\"446f51f8\" data-element_type=\"column\" data-e-type=\"column\">\n\t\t\t<div class=\"elementor-widget-wrap elementor-element-populated\">\n\t\t\t\t\t\t<div class=\"elementor-element elementor-element-7eccaebf elementor-widget elementor-widget-text-editor\" data-id=\"7eccaebf\" data-element_type=\"widget\" data-e-type=\"widget\" data-widget_type=\"text-editor.default\">\n\t\t\t\t<div class=\"elementor-widget-container\">\n\t\t\t\t\t\t\t\t\t<p>HUMANTRIP, SARL LE VOYAGE HUMAIN - RCS AIX EN PROVENCE 500 900 899 - IM013100006 - APS Financial Guarantee - RCP HISCOX Insurance 0077782<br \/>Les Portes de l'Arbois - B\u00e2t.B - 1090 rue Ren\u00e9 Descartes - Parc de la Duranne - 13857 AIX-EN-PROVENCE Cedex 3<\/p><h2>Hosting<\/h2><p>The humantrip.fr website is hosted by PYMAC, 11 rue Louise Colet, 13 090 Aix-en-Provence.<\/p><h2>Intellectual property<\/h2><p>The entire content of the humantrip.fr website (images, texts, videos, etc.) is subject to French and international legislation on intellectual property (copyright, trademark law, database law, etc.). Any reproduction or representation, in whole or in part, of the humantrip.fr website, by any means whatsoever, is permitted only for strictly private use. Any other use is forbidden without the prior and express authorisation of LE VOYAGE HUMAIN.<\/p><h2>Confidentiality of your personal data<\/h2><p>HUMANTRIP undertakes to respect the confidentiality of personal data that may be communicated by the user on the site\u00a0<a href=\"https:\/\/www.humantrip.fr\/en\">http:\/\/humantrip.wordpress05.pymac.fr<\/a>\u00a0and to process them in accordance with Regulation EU 2016\/679 of the European Parliament and of the Council of 27 April 2016 on the protection of individuals with regard to the processing of personal data and on the free movement of such data (RGPD).<\/p><p>When you visit our site, we may ask you for information via our contact form. The purpose of this information is to identify the customer, to record their request and to be able to follow up on it.<\/p><p>They are exclusively intended for HUMANTRIP for processing, analysis, institutional communications and, if you agree, commercial proposals.<\/p><p>In accordance with the RGPD, on simple proof of your identity, you have the right to access, rectify, portability, erasure or limitation of processing. To do this, you must send us a letter to the following address HUMANTRIP, SARL LE VOYAGE HUMAIN, Les Portes de l'Arbois - B\u00e2t.B - 1090 rue Ren\u00e9 Descartes - Parc de la Duranne - 13857 AIX-EN-PROVENCE Cedex 3<\/p><p>The data is kept for a period of 13 months.<\/p><p>When you visit our website, HUMANTRIP may place a cookie on your computer. A cookie is a text file stored by your browser on a dedicated space on the hard disk of your terminal (computer, tablet, smartphone) when you visit a website. It allows its issuer to identify the terminal in which it is stored, during its period of validity and to keep in memory certain information relating to your visit, in particular, in order to simplify your navigation on the websites or to offer you content adapted to your interests.<\/p>\t\t\t\t\t\t\t\t<\/div>\n\t\t\t\t<\/div>\n\t\t\t\t\t<\/div>\n\t\t<\/div>\n\t\t\t\t\t<\/div>\n\t\t<\/section>\n\t\t\t\t<\/div>","protected":false},"excerpt":{"rendered":"<p>HUMANTRIP, SARL LE VOYAGE HUMAIN &#8211; RCS AIX EN PROVENCE 500 900 899 &#8211; IM013100006 &#8211; Garantie Financi\u00e8re APS &#8211; Assurance RCP HISCOX 0077782Les Portes de l&rsquo;Arbois &#8211; B\u00e2t.B &#8211; 1090 rue Ren\u00e9 Descartes &#8211; Parc de la Duranne &#8211; 13857 AIX-EN-PROVENCE Cedex 3 H\u00e9bergement Le site humantrip.fr est h\u00e9berg\u00e9 par la soci\u00e9t\u00e9 PYMAC, 11 [&hellip;]<\/p>\n","protected":false},"author":1,"featured_media":0,"parent":0,"menu_order":0,"comment_status":"closed","ping_status":"closed","template":"","meta":{"_acf_changed":false,"inline_featured_image":false,"footnotes":""},"class_list":["post-3771","page","type-page","status-publish","hentry"],"acf":[],"_links":{"self":[{"href":"https:\/\/www.humantrip.fr\/en\/wp-json\/wp\/v2\/pages\/3771","targetHints":{"allow":["GET"]}}],"collection":[{"href":"https:\/\/www.humantrip.fr\/en\/wp-json\/wp\/v2\/pages"}],"about":[{"href":"https:\/\/www.humantrip.fr\/en\/wp-json\/wp\/v2\/types\/page"}],"author":[{"embeddable":true,"href":"https:\/\/www.humantrip.fr\/en\/wp-json\/wp\/v2\/users\/1"}],"replies":[{"embeddable":true,"href":"https:\/\/www.humantrip.fr\/en\/wp-json\/wp\/v2\/comments?post=3771"}],"version-history":[{"count":9,"href":"https:\/\/www.humantrip.fr\/en\/wp-json\/wp\/v2\/pages\/3771\/revisions"}],"predecessor-version":[{"id":9117,"href":"https:\/\/www.humantrip.fr\/en\/wp-json\/wp\/v2\/pages\/3771\/revisions\/9117"}],"wp:attachment":[{"href":"https:\/\/www.humantrip.fr\/en\/wp-json\/wp\/v2\/media?parent=3771"}],"curies":[{"name":"wp","href":"https:\/\/api.w.org\/{rel}","templated":true}]}}