{"id":8398,"date":"2020-12-18T11:53:31","date_gmt":"2020-12-18T10:53:31","guid":{"rendered":"https:\/\/www.humantrip.fr\/?page_id=8398"},"modified":"2023-11-30T10:36:04","modified_gmt":"2023-11-30T09:36:04","slug":"concierge","status":"publish","type":"page","link":"https:\/\/www.humantrip.fr\/en\/concierge\/","title":{"rendered":"Concierge service"},"content":{"rendered":"<div data-elementor-type=\"wp-page\" data-elementor-id=\"8398\" class=\"elementor elementor-8398\" data-elementor-post-type=\"page\">\n\t\t\t\t\t\t<section class=\"elementor-section elementor-top-section elementor-element elementor-element-cb95c3d elementor-section-full_width elementor-section-height-min-height elementor-section-height-default elementor-section-items-middle\" data-id=\"cb95c3d\" data-element_type=\"section\" data-e-type=\"section\" data-settings=\"{&quot;background_background&quot;:&quot;classic&quot;}\">\n\t\t\t\t\t\t<div class=\"elementor-container elementor-column-gap-default\">\n\t\t\t\t\t<div class=\"elementor-column elementor-col-100 elementor-top-column elementor-element elementor-element-4a0a67f9\" data-id=\"4a0a67f9\" data-element_type=\"column\" data-e-type=\"column\">\n\t\t\t<div class=\"elementor-widget-wrap\">\n\t\t\t\t\t\t\t<\/div>\n\t\t<\/div>\n\t\t\t\t\t<\/div>\n\t\t<\/section>\n\t\t\t\t<section class=\"elementor-section elementor-top-section elementor-element elementor-element-646a7e1f elementor-section-full_width elementor-section-height-min-height elementor-section-height-default elementor-section-items-middle\" data-id=\"646a7e1f\" data-element_type=\"section\" data-e-type=\"section\" data-settings=\"{&quot;background_background&quot;:&quot;classic&quot;}\">\n\t\t\t\t\t\t<div class=\"elementor-container elementor-column-gap-default\">\n\t\t\t\t\t<div class=\"elementor-column elementor-col-100 elementor-top-column elementor-element elementor-element-3dbbf303\" data-id=\"3dbbf303\" data-element_type=\"column\" data-e-type=\"column\">\n\t\t\t<div class=\"elementor-widget-wrap\">\n\t\t\t\t\t\t\t<\/div>\n\t\t<\/div>\n\t\t\t\t\t<\/div>\n\t\t<\/section>\n\t\t\t\t<section class=\"elementor-section elementor-top-section elementor-element elementor-element-4b62fd28 elementor-section-boxed elementor-section-height-default elementor-section-height-default\" data-id=\"4b62fd28\" data-element_type=\"section\" data-e-type=\"section\" data-settings=\"{&quot;background_background&quot;:&quot;classic&quot;}\">\n\t\t\t\t\t\t<div class=\"elementor-container elementor-column-gap-default\">\n\t\t\t\t\t<div class=\"elementor-column elementor-col-100 elementor-top-column elementor-element elementor-element-e54850a\" data-id=\"e54850a\" data-element_type=\"column\" data-e-type=\"column\">\n\t\t\t<div class=\"elementor-widget-wrap elementor-element-populated\">\n\t\t\t\t\t\t<div class=\"elementor-element elementor-element-4f0de1c4 elementor-widget elementor-widget-heading\" data-id=\"4f0de1c4\" data-element_type=\"widget\" data-e-type=\"widget\" data-widget_type=\"heading.default\">\n\t\t\t\t<div class=\"elementor-widget-container\">\n\t\t\t\t\t<h2 class=\"elementor-heading-title elementor-size-default\">Human Trip Concierge Service <\/h2>\t\t\t\t<\/div>\n\t\t\t\t<\/div>\n\t\t\t\t\t<\/div>\n\t\t<\/div>\n\t\t\t\t\t<\/div>\n\t\t<\/section>\n\t\t\t\t<section class=\"elementor-section elementor-top-section elementor-element elementor-element-d74e2b8 elementor-section-boxed elementor-section-height-default elementor-section-height-default\" data-id=\"d74e2b8\" data-element_type=\"section\" data-e-type=\"section\" data-settings=\"{&quot;background_background&quot;:&quot;classic&quot;}\">\n\t\t\t\t\t\t<div class=\"elementor-container elementor-column-gap-default\">\n\t\t\t\t\t<div class=\"elementor-column elementor-col-100 elementor-top-column elementor-element elementor-element-5a0606d\" data-id=\"5a0606d\" data-element_type=\"column\" data-e-type=\"column\">\n\t\t\t<div class=\"elementor-widget-wrap elementor-element-populated\">\n\t\t\t\t\t\t<section class=\"elementor-section elementor-inner-section elementor-element elementor-element-f393d1b elementor-section-boxed elementor-section-height-default elementor-section-height-default\" data-id=\"f393d1b\" data-element_type=\"section\" data-e-type=\"section\">\n\t\t\t\t\t\t<div class=\"elementor-container elementor-column-gap-default\">\n\t\t\t\t\t<div class=\"elementor-column elementor-col-33 elementor-inner-column elementor-element elementor-element-094d117\" data-id=\"094d117\" data-element_type=\"column\" data-e-type=\"column\">\n\t\t\t<div class=\"elementor-widget-wrap elementor-element-populated\">\n\t\t\t\t\t\t<div class=\"elementor-element elementor-element-906d42c animated-slow elementor-invisible elementor-widget elementor-widget-image\" data-id=\"906d42c\" data-element_type=\"widget\" data-e-type=\"widget\" data-settings=\"{&quot;_animation&quot;:&quot;zoomIn&quot;,&quot;_animation_delay&quot;:400}\" data-widget_type=\"image.default\">\n\t\t\t\t<div class=\"elementor-widget-container\">\n\t\t\t\t\t\t\t\t\t\t\t\t\t\t\t<img fetchpriority=\"high\" decoding=\"async\" width=\"300\" height=\"200\" src=\"https:\/\/www.humantrip.fr\/wp-content\/uploads\/2020\/08\/globe-trotter-1828079_1920-300x200.jpg\" class=\"elementor-animation-shrink attachment-medium size-medium wp-image-3000\" alt=\"\" srcset=\"https:\/\/www.humantrip.fr\/wp-content\/uploads\/2020\/08\/globe-trotter-1828079_1920-300x200.jpg 300w, https:\/\/www.humantrip.fr\/wp-content\/uploads\/2020\/08\/globe-trotter-1828079_1920-1024x683.jpg 1024w, https:\/\/www.humantrip.fr\/wp-content\/uploads\/2020\/08\/globe-trotter-1828079_1920-768x512.jpg 768w, https:\/\/www.humantrip.fr\/wp-content\/uploads\/2020\/08\/globe-trotter-1828079_1920-450x300.jpg 450w, https:\/\/www.humantrip.fr\/wp-content\/uploads\/2020\/08\/globe-trotter-1828079_1920-750x500.jpg 750w, https:\/\/www.humantrip.fr\/wp-content\/uploads\/2020\/08\/globe-trotter-1828079_1920.jpg 1200w\" sizes=\"(max-width: 300px) 100vw, 300px\" \/>\t\t\t\t\t\t\t\t\t\t\t\t\t\t\t<\/div>\n\t\t\t\t<\/div>\n\t\t\t\t\t<\/div>\n\t\t<\/div>\n\t\t\t\t<div class=\"elementor-column elementor-col-33 elementor-inner-column elementor-element elementor-element-6c0645a\" data-id=\"6c0645a\" data-element_type=\"column\" data-e-type=\"column\">\n\t\t\t<div class=\"elementor-widget-wrap elementor-element-populated\">\n\t\t\t\t\t\t<div class=\"elementor-element elementor-element-1e55873 animated-slow elementor-invisible elementor-widget elementor-widget-image\" data-id=\"1e55873\" data-element_type=\"widget\" data-e-type=\"widget\" data-settings=\"{&quot;_animation&quot;:&quot;zoomIn&quot;,&quot;_animation_delay&quot;:400}\" data-widget_type=\"image.default\">\n\t\t\t\t<div class=\"elementor-widget-container\">\n\t\t\t\t\t\t\t\t\t\t\t\t\t\t\t<img decoding=\"async\" width=\"300\" height=\"200\" src=\"https:\/\/www.humantrip.fr\/wp-content\/uploads\/2020\/12\/JM-AGENCE-300x200.jpg\" class=\"elementor-animation-shrink attachment-medium size-medium wp-image-8311\" alt=\"\" srcset=\"https:\/\/www.humantrip.fr\/wp-content\/uploads\/2020\/12\/JM-AGENCE-300x200.jpg 300w, https:\/\/www.humantrip.fr\/wp-content\/uploads\/2020\/12\/JM-AGENCE-1024x683.jpg 1024w, https:\/\/www.humantrip.fr\/wp-content\/uploads\/2020\/12\/JM-AGENCE-768x512.jpg 768w, https:\/\/www.humantrip.fr\/wp-content\/uploads\/2020\/12\/JM-AGENCE-1536x1024.jpg 1536w, https:\/\/www.humantrip.fr\/wp-content\/uploads\/2020\/12\/JM-AGENCE-scaled.jpg 2048w, https:\/\/www.humantrip.fr\/wp-content\/uploads\/2020\/12\/JM-AGENCE-450x300.jpg 450w, https:\/\/www.humantrip.fr\/wp-content\/uploads\/2020\/12\/JM-AGENCE-750x500.jpg 750w\" sizes=\"(max-width: 300px) 100vw, 300px\" \/>\t\t\t\t\t\t\t\t\t\t\t\t\t\t\t<\/div>\n\t\t\t\t<\/div>\n\t\t\t\t\t<\/div>\n\t\t<\/div>\n\t\t\t\t<div class=\"elementor-column elementor-col-33 elementor-inner-column elementor-element elementor-element-52be3f5\" data-id=\"52be3f5\" data-element_type=\"column\" data-e-type=\"column\">\n\t\t\t<div class=\"elementor-widget-wrap elementor-element-populated\">\n\t\t\t\t\t\t<div class=\"elementor-element elementor-element-a924599 animated-slow elementor-invisible elementor-widget elementor-widget-image\" data-id=\"a924599\" data-element_type=\"widget\" data-e-type=\"widget\" data-settings=\"{&quot;_animation&quot;:&quot;zoomIn&quot;,&quot;_animation_delay&quot;:400}\" data-widget_type=\"image.default\">\n\t\t\t\t<div class=\"elementor-widget-container\">\n\t\t\t\t\t\t\t\t\t\t\t\t\t\t\t<img decoding=\"async\" width=\"510\" height=\"340\" src=\"https:\/\/www.humantrip.fr\/wp-content\/uploads\/2020\/09\/yoga-2176668__340.jpg\" class=\"elementor-animation-shrink attachment-medium_large size-medium_large wp-image-6762\" alt=\"\" srcset=\"https:\/\/www.humantrip.fr\/wp-content\/uploads\/2020\/09\/yoga-2176668__340.jpg 510w, https:\/\/www.humantrip.fr\/wp-content\/uploads\/2020\/09\/yoga-2176668__340-300x200.jpg 300w, https:\/\/www.humantrip.fr\/wp-content\/uploads\/2020\/09\/yoga-2176668__340-450x300.jpg 450w\" sizes=\"(max-width: 510px) 100vw, 510px\" \/>\t\t\t\t\t\t\t\t\t\t\t\t\t\t\t<\/div>\n\t\t\t\t<\/div>\n\t\t\t\t\t<\/div>\n\t\t<\/div>\n\t\t\t\t\t<\/div>\n\t\t<\/section>\n\t\t\t\t<div class=\"elementor-element elementor-element-4571cb3 elementor-widget elementor-widget-spacer\" data-id=\"4571cb3\" data-element_type=\"widget\" data-e-type=\"widget\" data-widget_type=\"spacer.default\">\n\t\t\t\t<div class=\"elementor-widget-container\">\n\t\t\t\t\t\t\t<div class=\"elementor-spacer\">\n\t\t\t<div class=\"elementor-spacer-inner\"><\/div>\n\t\t<\/div>\n\t\t\t\t\t\t<\/div>\n\t\t\t\t<\/div>\n\t\t\t\t<div class=\"elementor-element elementor-element-43d6961 elementor-widget elementor-widget-heading\" data-id=\"43d6961\" data-element_type=\"widget\" data-e-type=\"widget\" data-widget_type=\"heading.default\">\n\t\t\t\t<div class=\"elementor-widget-container\">\n\t\t\t\t\t<h1 class=\"elementor-heading-title elementor-size-xl\">A la carte<\/h1>\t\t\t\t<\/div>\n\t\t\t\t<\/div>\n\t\t\t\t<section class=\"elementor-section elementor-inner-section elementor-element elementor-element-a2113b2 elementor-section-boxed elementor-section-height-default elementor-section-height-default\" data-id=\"a2113b2\" data-element_type=\"section\" data-e-type=\"section\">\n\t\t\t\t\t\t<div class=\"elementor-container elementor-column-gap-default\">\n\t\t\t\t\t<div class=\"elementor-column elementor-col-33 elementor-inner-column elementor-element elementor-element-2f67938\" data-id=\"2f67938\" data-element_type=\"column\" data-e-type=\"column\">\n\t\t\t<div class=\"elementor-widget-wrap\">\n\t\t\t\t\t\t\t<\/div>\n\t\t<\/div>\n\t\t\t\t<div class=\"elementor-column elementor-col-33 elementor-inner-column elementor-element elementor-element-fc32baf\" data-id=\"fc32baf\" data-element_type=\"column\" data-e-type=\"column\">\n\t\t\t<div class=\"elementor-widget-wrap elementor-element-populated\">\n\t\t\t\t\t\t<div class=\"elementor-element elementor-element-20e72c7 animated-slow elementor-invisible elementor-widget elementor-widget-text-editor\" data-id=\"20e72c7\" data-element_type=\"widget\" data-e-type=\"widget\" data-settings=\"{&quot;_animation&quot;:&quot;fadeIn&quot;,&quot;_animation_delay&quot;:300}\" data-widget_type=\"text-editor.default\">\n\t\t\t\t<div class=\"elementor-widget-container\">\n\t\t\t\t\t\t\t\t\t<p>Opt for a prestigious and exceptional trip in harmony with nature.<\/p><p>At Human Trip, our team will be with you every step of the way, from departure to return. Our experienced advisors and travel professionals are on hand to help you turn your dreams into reality.<\/p><p>Our tailor-made approach allows Human Trip to adapt to your wishes, guaranteeing you a unique trip that's just like you. With our \u00e0 la carte concierge service, you can benefit from personalised services, from flight bookings to ground transportation, as well as VIP reception: a multitude of plus and luxury services are available to you.<\/p><p><span style=\"font-size: 1rem;\">Whatever the nature of your trip, be it humanitarian or confidential, the Human Trip team will use its advice, professionalism and discretion to satisfy you.<\/span><\/p><center><em>Human Trip meets all your needs on every continent. Let our trippers guide you... <\/em><\/center><center><em>Our crew members are everywhere, at sea and on land.<\/em><\/center>\t\t\t\t\t\t\t\t<\/div>\n\t\t\t\t<\/div>\n\t\t\t\t\t<\/div>\n\t\t<\/div>\n\t\t\t\t<div class=\"elementor-column elementor-col-33 elementor-inner-column elementor-element elementor-element-65df9dd\" data-id=\"65df9dd\" data-element_type=\"column\" data-e-type=\"column\">\n\t\t\t<div class=\"elementor-widget-wrap\">\n\t\t\t\t\t\t\t<\/div>\n\t\t<\/div>\n\t\t\t\t\t<\/div>\n\t\t<\/section>\n\t\t\t\t<div class=\"elementor-element elementor-element-66bb178 elementor-widget-divider--view-line elementor-widget elementor-widget-divider\" data-id=\"66bb178\" data-element_type=\"widget\" data-e-type=\"widget\" data-widget_type=\"divider.default\">\n\t\t\t\t<div class=\"elementor-widget-container\">\n\t\t\t\t\t\t\t<div class=\"elementor-divider\">\n\t\t\t<span class=\"elementor-divider-separator\">\n\t\t\t\t\t\t<\/span>\n\t\t<\/div>\n\t\t\t\t\t\t<\/div>\n\t\t\t\t<\/div>\n\t\t\t\t<div class=\"elementor-element elementor-element-b9ef2d8 elementor-widget elementor-widget-spacer\" data-id=\"b9ef2d8\" data-element_type=\"widget\" data-e-type=\"widget\" data-widget_type=\"spacer.default\">\n\t\t\t\t<div class=\"elementor-widget-container\">\n\t\t\t\t\t\t\t<div class=\"elementor-spacer\">\n\t\t\t<div class=\"elementor-spacer-inner\"><\/div>\n\t\t<\/div>\n\t\t\t\t\t\t<\/div>\n\t\t\t\t<\/div>\n\t\t\t\t<div class=\"elementor-element elementor-element-794f11c elementor-widget elementor-widget-spacer\" data-id=\"794f11c\" data-element_type=\"widget\" data-e-type=\"widget\" data-widget_type=\"spacer.default\">\n\t\t\t\t<div class=\"elementor-widget-container\">\n\t\t\t\t\t\t\t<div class=\"elementor-spacer\">\n\t\t\t<div class=\"elementor-spacer-inner\"><\/div>\n\t\t<\/div>\n\t\t\t\t\t\t<\/div>\n\t\t\t\t<\/div>\n\t\t\t\t\t<\/div>\n\t\t<\/div>\n\t\t\t\t\t<\/div>\n\t\t<\/section>\n\t\t\t\t<section class=\"elementor-section elementor-top-section elementor-element elementor-element-6d80cde elementor-section-boxed elementor-section-height-default elementor-section-height-default\" data-id=\"6d80cde\" data-element_type=\"section\" data-e-type=\"section\" data-settings=\"{&quot;background_background&quot;:&quot;classic&quot;}\">\n\t\t\t\t\t\t<div class=\"elementor-container elementor-column-gap-default\">\n\t\t\t\t\t<div class=\"elementor-column elementor-col-100 elementor-top-column elementor-element elementor-element-e1fd201\" data-id=\"e1fd201\" data-element_type=\"column\" data-e-type=\"column\">\n\t\t\t<div class=\"elementor-widget-wrap elementor-element-populated\">\n\t\t\t\t\t\t<div class=\"elementor-element elementor-element-311a4d6 animated-slow elementor-invisible elementor-widget elementor-widget-text-editor\" data-id=\"311a4d6\" data-element_type=\"widget\" data-e-type=\"widget\" data-settings=\"{&quot;_animation&quot;:&quot;fadeIn&quot;,&quot;_animation_delay&quot;:400}\" data-widget_type=\"text-editor.default\">\n\t\t\t\t<div class=\"elementor-widget-container\">\n\t\t\t\t\t\t\t\t\t<p>\u00a0\"Discover the magic of being surprised\u00a0<\/p>\t\t\t\t\t\t\t\t<\/div>\n\t\t\t\t<\/div>\n\t\t\t\t\t<\/div>\n\t\t<\/div>\n\t\t\t\t\t<\/div>\n\t\t<\/section>\n\t\t\t\t<section class=\"elementor-section elementor-top-section elementor-element elementor-element-ee7fefa elementor-section-full_width elementor-section-height-default elementor-section-height-default\" data-id=\"ee7fefa\" data-element_type=\"section\" data-e-type=\"section\" data-settings=\"{&quot;background_background&quot;:&quot;classic&quot;}\">\n\t\t\t\t\t\t<div class=\"elementor-container elementor-column-gap-default\">\n\t\t\t\t\t<div class=\"elementor-column elementor-col-100 elementor-top-column elementor-element elementor-element-af2d619\" data-id=\"af2d619\" data-element_type=\"column\" data-e-type=\"column\">\n\t\t\t<div class=\"elementor-widget-wrap elementor-element-populated\">\n\t\t\t\t\t\t<div class=\"elementor-element elementor-element-121196f animated-slow elementor-invisible elementor-widget elementor-widget-image\" data-id=\"121196f\" data-element_type=\"widget\" data-e-type=\"widget\" data-settings=\"{&quot;_animation&quot;:&quot;fadeIn&quot;}\" data-widget_type=\"image.default\">\n\t\t\t\t<div class=\"elementor-widget-container\">\n\t\t\t\t\t\t\t\t\t\t\t\t\t\t\t<img loading=\"lazy\" decoding=\"async\" width=\"150\" height=\"150\" src=\"https:\/\/www.humantrip.fr\/wp-content\/uploads\/2020\/07\/humantrip-favicon-150x150.png\" class=\"elementor-animation-pulse-shrink attachment-thumbnail size-thumbnail wp-image-484\" alt=\"\" srcset=\"https:\/\/www.humantrip.fr\/wp-content\/uploads\/2020\/07\/humantrip-favicon-150x150.png 150w, https:\/\/www.humantrip.fr\/wp-content\/uploads\/2020\/07\/humantrip-favicon-200x200.png 200w\" sizes=\"(max-width: 150px) 100vw, 150px\" \/>\t\t\t\t\t\t\t\t\t\t\t\t\t\t\t<\/div>\n\t\t\t\t<\/div>\n\t\t\t\t<div class=\"elementor-element elementor-element-adfcdde elementor-headline--style-rotate elementor-widget elementor-widget-animated-headline\" data-id=\"adfcdde\" data-element_type=\"widget\" data-e-type=\"widget\" data-settings=\"{&quot;headline_style&quot;:&quot;rotate&quot;,&quot;animation_type&quot;:&quot;slide-down&quot;,&quot;rotating_text&quot;:&quot;l&#039;assistance \\nle conseil \\nla qualit\\u00e9&quot;,&quot;loop&quot;:&quot;yes&quot;,&quot;rotate_iteration_delay&quot;:2500}\" data-widget_type=\"animated-headline.default\">\n\t\t\t\t<div class=\"elementor-widget-container\">\n\t\t\t\t\t\t\t<h5 class=\"elementor-headline elementor-headline-animation-type-slide-down\">\n\t\t\t\t\t<span class=\"elementor-headline-plain-text elementor-headline-text-wrapper\">Concierge service means <\/span>\n\t\t\t\t<span class=\"elementor-headline-dynamic-wrapper elementor-headline-text-wrapper\">\n\t\t\t\t\t<span class=\"elementor-headline-dynamic-text elementor-headline-text-active\">\n\t\t\t\tassistance&nbsp;\t\t\t<\/span>\n\t\t\t\t\t<span class=\"elementor-headline-dynamic-text\">\n\t\t\t\tthe council&nbsp;\t\t\t<\/span>\n\t\t\t\t\t<span class=\"elementor-headline-dynamic-text\">\n\t\t\t\tquality\t\t\t<\/span>\n\t\t\t\t\t\t<\/span>\n\t\t\t\t<\/h5>\n\t\t\t\t\t\t<\/div>\n\t\t\t\t<\/div>\n\t\t\t\t<section class=\"elementor-section elementor-inner-section elementor-element elementor-element-e0eb588 elementor-section-boxed elementor-section-height-default elementor-section-height-default\" data-id=\"e0eb588\" data-element_type=\"section\" data-e-type=\"section\">\n\t\t\t\t\t\t<div class=\"elementor-container elementor-column-gap-default\">\n\t\t\t\t\t<div class=\"elementor-column elementor-col-50 elementor-inner-column elementor-element elementor-element-cb52d27\" data-id=\"cb52d27\" data-element_type=\"column\" data-e-type=\"column\">\n\t\t\t<div class=\"elementor-widget-wrap elementor-element-populated\">\n\t\t\t\t\t\t<div class=\"elementor-element elementor-element-c6712b2 elementor-widget-tablet__width-initial animated-slow elementor-invisible elementor-widget elementor-widget-image\" data-id=\"c6712b2\" data-element_type=\"widget\" data-e-type=\"widget\" data-settings=\"{&quot;_animation&quot;:&quot;fadeIn&quot;,&quot;_animation_delay&quot;:600}\" data-widget_type=\"image.default\">\n\t\t\t\t<div class=\"elementor-widget-container\">\n\t\t\t\t\t\t\t\t\t\t\t\t\t\t\t<img loading=\"lazy\" decoding=\"async\" width=\"300\" height=\"300\" src=\"https:\/\/www.humantrip.fr\/wp-content\/uploads\/2023\/04\/46-300x300.png\" class=\"attachment-medium size-medium wp-image-10203\" alt=\"\" srcset=\"https:\/\/www.humantrip.fr\/wp-content\/uploads\/2023\/04\/46-300x300.png 300w, https:\/\/www.humantrip.fr\/wp-content\/uploads\/2023\/04\/46-1024x1024.png 1024w, https:\/\/www.humantrip.fr\/wp-content\/uploads\/2023\/04\/46-150x150.png 150w, https:\/\/www.humantrip.fr\/wp-content\/uploads\/2023\/04\/46-768x768.png 768w, https:\/\/www.humantrip.fr\/wp-content\/uploads\/2023\/04\/46-200x200.png 200w, https:\/\/www.humantrip.fr\/wp-content\/uploads\/2023\/04\/46-500x500.png 500w, https:\/\/www.humantrip.fr\/wp-content\/uploads\/2023\/04\/46.png 1080w\" sizes=\"(max-width: 300px) 100vw, 300px\" \/>\t\t\t\t\t\t\t\t\t\t\t\t\t\t\t<\/div>\n\t\t\t\t<\/div>\n\t\t\t\t<div class=\"elementor-element elementor-element-b56385f elementor-widget-tablet__width-initial animated-slow elementor-invisible elementor-widget elementor-widget-image\" data-id=\"b56385f\" data-element_type=\"widget\" data-e-type=\"widget\" data-settings=\"{&quot;_animation&quot;:&quot;fadeIn&quot;,&quot;_animation_delay&quot;:600}\" data-widget_type=\"image.default\">\n\t\t\t\t<div class=\"elementor-widget-container\">\n\t\t\t\t\t\t\t\t\t\t\t\t\t\t\t<img loading=\"lazy\" decoding=\"async\" width=\"257\" height=\"300\" src=\"https:\/\/www.humantrip.fr\/wp-content\/uploads\/2020\/11\/IMG-20190207-WA0023-1920w-257x300.jpg\" class=\"attachment-medium size-medium wp-image-7789\" alt=\"\" srcset=\"https:\/\/www.humantrip.fr\/wp-content\/uploads\/2020\/11\/IMG-20190207-WA0023-1920w-257x300.jpg 257w, https:\/\/www.humantrip.fr\/wp-content\/uploads\/2020\/11\/IMG-20190207-WA0023-1920w-428x500.jpg 428w, https:\/\/www.humantrip.fr\/wp-content\/uploads\/2020\/11\/IMG-20190207-WA0023-1920w.jpg 720w\" sizes=\"(max-width: 257px) 100vw, 257px\" \/>\t\t\t\t\t\t\t\t\t\t\t\t\t\t\t<\/div>\n\t\t\t\t<\/div>\n\t\t\t\t\t<\/div>\n\t\t<\/div>\n\t\t\t\t<div class=\"elementor-column elementor-col-50 elementor-inner-column elementor-element elementor-element-1498a47\" data-id=\"1498a47\" data-element_type=\"column\" data-e-type=\"column\">\n\t\t\t<div class=\"elementor-widget-wrap elementor-element-populated\">\n\t\t\t\t\t\t<div class=\"elementor-element elementor-element-ce7e623 animated-slow elementor-widget__width-initial elementor-invisible elementor-widget elementor-widget-text-editor\" data-id=\"ce7e623\" data-element_type=\"widget\" data-e-type=\"widget\" data-settings=\"{&quot;_animation&quot;:&quot;fadeIn&quot;,&quot;_animation_delay&quot;:100}\" data-widget_type=\"text-editor.default\">\n\t\t\t\t<div class=\"elementor-widget-container\">\n\t\t\t\t\t\t\t\t\t<p>H<span style=\"font-family: var( --e-global-typography-text-font-family ), Sans-serif; font-weight: var( --e-global-typography-text-font-weight );\">uman Trip takes care of you, takes care of everything!<\/span><\/p><p>At Human Trip, we take care of all the details so that you can travel with peace of mind. Our human-scale concierge service organises your trip from A to Z.<\/p><p>Enjoy tailor-made services, whether you're travelling solo, in a group or with your family. Our priority is to offer you a quality experience that will leave a unique and unforgettable mark on your trip.\u00a0<\/p><p>What sets Human Trip apart is our deep commitment to responsible tourism.\u00a0<\/p><p>Prepare to experience unforgettable moments in exceptional destinations, all accompanied by incomparable personalised service. Choose to travel the human way with Human Trip, your trusted partner for unforgettable journeys.<\/p><p>Because the best journey is the one you haven't taken yet!\u00a0<\/p>\t\t\t\t\t\t\t\t<\/div>\n\t\t\t\t<\/div>\n\t\t\t\t\t<\/div>\n\t\t<\/div>\n\t\t\t\t\t<\/div>\n\t\t<\/section>\n\t\t\t\t<section class=\"elementor-section elementor-inner-section elementor-element elementor-element-699792e elementor-section-boxed elementor-section-height-default elementor-section-height-default\" data-id=\"699792e\" data-element_type=\"section\" data-e-type=\"section\">\n\t\t\t\t\t\t<div class=\"elementor-container elementor-column-gap-default\">\n\t\t\t\t\t<div class=\"elementor-column elementor-col-50 elementor-inner-column elementor-element elementor-element-42560fe\" data-id=\"42560fe\" data-element_type=\"column\" data-e-type=\"column\">\n\t\t\t<div class=\"elementor-widget-wrap elementor-element-populated\">\n\t\t\t\t\t\t<div class=\"elementor-element elementor-element-00fd7e0 elementor-align-center elementor-widget elementor-widget-button\" data-id=\"00fd7e0\" data-element_type=\"widget\" data-e-type=\"widget\" data-widget_type=\"button.default\">\n\t\t\t\t<div class=\"elementor-widget-container\">\n\t\t\t\t\t\t\t\t\t<div class=\"elementor-button-wrapper\">\n\t\t\t\t\t<a class=\"elementor-button elementor-button-link elementor-size-md elementor-animation-shrink\" href=\"https:\/\/www.humantrip.fr\/en\/la-charte-human-trip\/\" target=\"_blank\">\n\t\t\t\t\t\t<span class=\"elementor-button-content-wrapper\">\n\t\t\t\t\t\t\t\t\t<span class=\"elementor-button-text\">THE HUMANTRIP CHARTER<\/span>\n\t\t\t\t\t<\/span>\n\t\t\t\t\t<\/a>\n\t\t\t\t<\/div>\n\t\t\t\t\t\t\t\t<\/div>\n\t\t\t\t<\/div>\n\t\t\t\t\t<\/div>\n\t\t<\/div>\n\t\t\t\t<div class=\"elementor-column elementor-col-50 elementor-inner-column elementor-element elementor-element-05a9805\" data-id=\"05a9805\" data-element_type=\"column\" data-e-type=\"column\">\n\t\t\t<div class=\"elementor-widget-wrap elementor-element-populated\">\n\t\t\t\t\t\t<div class=\"elementor-element elementor-element-ddc1783 elementor-align-center elementor-widget elementor-widget-button\" data-id=\"ddc1783\" data-element_type=\"widget\" data-e-type=\"widget\" data-widget_type=\"button.default\">\n\t\t\t\t<div class=\"elementor-widget-container\">\n\t\t\t\t\t\t\t\t\t<div class=\"elementor-button-wrapper\">\n\t\t\t\t\t<a class=\"elementor-button elementor-button-link elementor-size-md elementor-animation-shrink\" href=\"https:\/\/www.humantrip.fr\/en\/green-business\/\" target=\"_blank\">\n\t\t\t\t\t\t<span class=\"elementor-button-content-wrapper\">\n\t\t\t\t\t\t\t\t\t<span class=\"elementor-button-text\">GREEN BUSINESS<\/span>\n\t\t\t\t\t<\/span>\n\t\t\t\t\t<\/a>\n\t\t\t\t<\/div>\n\t\t\t\t\t\t\t\t<\/div>\n\t\t\t\t<\/div>\n\t\t\t\t\t<\/div>\n\t\t<\/div>\n\t\t\t\t\t<\/div>\n\t\t<\/section>\n\t\t\t\t\t<\/div>\n\t\t<\/div>\n\t\t\t\t\t<\/div>\n\t\t<\/section>\n\t\t\t\t<\/div>","protected":false},"excerpt":{"rendered":"<p>Conciergerie Human Trip A la carte Optez pour le voyage prestigieux et l&rsquo;exceptionnel\u00a0 en en harmonie avec la nature. Chez Human Trip, notre \u00e9quipe vous accompagne tout au long de votre voyage, du d\u00e9part au retour. Nous mettons \u00e0 votre disposition des conseillers et professionnels du voyage exp\u00e9riment\u00e9s qui seront \u00e0 votre \u00e9coute pour transformer [&hellip;]<\/p>\n","protected":false},"author":9,"featured_media":0,"parent":0,"menu_order":0,"comment_status":"closed","ping_status":"open","template":"","meta":{"_acf_changed":false,"inline_featured_image":false,"footnotes":""},"class_list":["post-8398","page","type-page","status-publish","hentry"],"acf":[],"_links":{"self":[{"href":"https:\/\/www.humantrip.fr\/en\/wp-json\/wp\/v2\/pages\/8398","targetHints":{"allow":["GET"]}}],"collection":[{"href":"https:\/\/www.humantrip.fr\/en\/wp-json\/wp\/v2\/pages"}],"about":[{"href":"https:\/\/www.humantrip.fr\/en\/wp-json\/wp\/v2\/types\/page"}],"author":[{"embeddable":true,"href":"https:\/\/www.humantrip.fr\/en\/wp-json\/wp\/v2\/users\/9"}],"replies":[{"embeddable":true,"href":"https:\/\/www.humantrip.fr\/en\/wp-json\/wp\/v2\/comments?post=8398"}],"version-history":[{"count":29,"href":"https:\/\/www.humantrip.fr\/en\/wp-json\/wp\/v2\/pages\/8398\/revisions"}],"predecessor-version":[{"id":11338,"href":"https:\/\/www.humantrip.fr\/en\/wp-json\/wp\/v2\/pages\/8398\/revisions\/11338"}],"wp:attachment":[{"href":"https:\/\/www.humantrip.fr\/en\/wp-json\/wp\/v2\/media?parent=8398"}],"curies":[{"name":"wp","href":"https:\/\/api.w.org\/{rel}","templated":true}]}}