{"id":2995,"date":"2020-08-28T11:11:24","date_gmt":"2020-08-28T09:11:24","guid":{"rendered":"https:\/\/www.humantrip.fr\/?page_id=2995"},"modified":"2021-01-26T10:33:21","modified_gmt":"2021-01-26T09:33:21","slug":"el-blog","status":"publish","type":"page","link":"https:\/\/www.humantrip.fr\/es\/el-blog\/","title":{"rendered":"Blog Human Trip"},"content":{"rendered":"<div data-elementor-type=\"wp-page\" data-elementor-id=\"2995\" class=\"elementor elementor-2995\" data-elementor-post-type=\"page\">\n\t\t\t\t\t\t<section class=\"elementor-section elementor-top-section elementor-element elementor-element-5502eca6 elementor-section-full_width elementor-section-height-min-height elementor-section-height-default elementor-section-items-middle\" data-id=\"5502eca6\" data-element_type=\"section\" data-e-type=\"section\" data-settings=\"{&quot;background_background&quot;:&quot;classic&quot;}\">\n\t\t\t\t\t\t<div class=\"elementor-container elementor-column-gap-default\">\n\t\t\t\t\t<div class=\"elementor-column elementor-col-100 elementor-top-column elementor-element elementor-element-4352fd33\" data-id=\"4352fd33\" data-element_type=\"column\" data-e-type=\"column\">\n\t\t\t<div class=\"elementor-widget-wrap\">\n\t\t\t\t\t\t\t<\/div>\n\t\t<\/div>\n\t\t\t\t\t<\/div>\n\t\t<\/section>\n\t\t\t\t<section class=\"elementor-section elementor-top-section elementor-element elementor-element-91fc573 elementor-section-full_width elementor-section-height-min-height elementor-section-height-default elementor-section-items-middle\" data-id=\"91fc573\" data-element_type=\"section\" data-e-type=\"section\" data-settings=\"{&quot;background_background&quot;:&quot;classic&quot;}\">\n\t\t\t\t\t\t<div class=\"elementor-container elementor-column-gap-default\">\n\t\t\t\t\t<div class=\"elementor-column elementor-col-100 elementor-top-column elementor-element elementor-element-12709ba\" data-id=\"12709ba\" data-element_type=\"column\" data-e-type=\"column\">\n\t\t\t<div class=\"elementor-widget-wrap\">\n\t\t\t\t\t\t\t<\/div>\n\t\t<\/div>\n\t\t\t\t\t<\/div>\n\t\t<\/section>\n\t\t\t\t<section class=\"elementor-section elementor-top-section elementor-element elementor-element-2a9de149 elementor-section-boxed elementor-section-height-default elementor-section-height-default\" data-id=\"2a9de149\" data-element_type=\"section\" data-e-type=\"section\">\n\t\t\t\t\t\t<div class=\"elementor-container elementor-column-gap-default\">\n\t\t\t\t\t<div class=\"elementor-column elementor-col-100 elementor-top-column elementor-element elementor-element-1274ae64\" data-id=\"1274ae64\" data-element_type=\"column\" data-e-type=\"column\">\n\t\t\t<div class=\"elementor-widget-wrap elementor-element-populated\">\n\t\t\t\t\t\t<div class=\"elementor-element elementor-element-20e31cbb elementor-widget elementor-widget-heading\" data-id=\"20e31cbb\" data-element_type=\"widget\" data-e-type=\"widget\" data-widget_type=\"heading.default\">\n\t\t\t\t<div class=\"elementor-widget-container\">\n\t\t\t\t\t<h2 class=\"elementor-heading-title elementor-size-default\">Blog Human Trip<\/h2>\t\t\t\t<\/div>\n\t\t\t\t<\/div>\n\t\t\t\t\t<\/div>\n\t\t<\/div>\n\t\t\t\t\t<\/div>\n\t\t<\/section>\n\t\t\t\t<section class=\"elementor-section elementor-top-section elementor-element elementor-element-2e047c82 elementor-section-full_width elementor-section-height-min-height elementor-section-height-default elementor-section-items-middle\" data-id=\"2e047c82\" data-element_type=\"section\" data-e-type=\"section\" data-settings=\"{&quot;background_background&quot;:&quot;classic&quot;}\">\n\t\t\t\t\t\t<div class=\"elementor-container elementor-column-gap-default\">\n\t\t\t\t\t<div class=\"elementor-column elementor-col-100 elementor-top-column elementor-element elementor-element-4fc153a9\" data-id=\"4fc153a9\" data-element_type=\"column\" data-e-type=\"column\">\n\t\t\t<div class=\"elementor-widget-wrap\">\n\t\t\t\t\t\t\t<\/div>\n\t\t<\/div>\n\t\t\t\t\t<\/div>\n\t\t<\/section>\n\t\t\t\t<section class=\"elementor-section elementor-top-section elementor-element elementor-element-7333a242 elementor-section-boxed elementor-section-height-default elementor-section-height-default\" data-id=\"7333a242\" data-element_type=\"section\" data-e-type=\"section\" data-settings=\"{&quot;background_background&quot;:&quot;classic&quot;}\">\n\t\t\t\t\t\t<div class=\"elementor-container elementor-column-gap-default\">\n\t\t\t\t\t<div class=\"elementor-column elementor-col-100 elementor-top-column elementor-element elementor-element-6fd1e38e\" data-id=\"6fd1e38e\" data-element_type=\"column\" data-e-type=\"column\">\n\t\t\t<div class=\"elementor-widget-wrap elementor-element-populated\">\n\t\t\t\t\t\t<div class=\"elementor-element elementor-element-a7bd999 elementor-widget elementor-widget-text-editor\" data-id=\"a7bd999\" data-element_type=\"widget\" data-e-type=\"widget\" data-widget_type=\"text-editor.default\">\n\t\t\t\t<div class=\"elementor-widget-container\">\n\t\t\t\t\t\t\t\t\t<p>Inf\u00f3rmese de nuestras \u00faltimas noticias y de las nuevas vacaciones Humantrip,<br \/>noticias sobre turismo solidario y todas las publicaciones elaboradas por nuestro equipo.<br \/>Suscr\u00edbase a nuestro bolet\u00edn para estar al d\u00eda de todas las novedades.<\/p>\t\t\t\t\t\t\t\t<\/div>\n\t\t\t\t<\/div>\n\t\t\t\t<div class=\"elementor-element elementor-element-ca00a79 elementor-grid-4 elementor-grid-tablet-2 elementor-grid-mobile-1 elementor-posts--thumbnail-top elementor-card-shadow-yes elementor-posts__hover-gradient elementor-widget elementor-widget-posts\" data-id=\"ca00a79\" data-element_type=\"widget\" data-e-type=\"widget\" data-settings=\"{&quot;cards_columns&quot;:&quot;4&quot;,&quot;cards_columns_tablet&quot;:&quot;2&quot;,&quot;cards_columns_mobile&quot;:&quot;1&quot;,&quot;cards_row_gap&quot;:{&quot;unit&quot;:&quot;px&quot;,&quot;size&quot;:35,&quot;sizes&quot;:[]},&quot;cards_row_gap_tablet&quot;:{&quot;unit&quot;:&quot;px&quot;,&quot;size&quot;:&quot;&quot;,&quot;sizes&quot;:[]},&quot;cards_row_gap_mobile&quot;:{&quot;unit&quot;:&quot;px&quot;,&quot;size&quot;:&quot;&quot;,&quot;sizes&quot;:[]}}\" data-widget_type=\"posts.cards\">\n\t\t\t\t<div class=\"elementor-widget-container\">\n\t\t\t\t\t\t\t<div class=\"elementor-posts-container elementor-posts elementor-posts--skin-cards elementor-grid\" role=\"list\">\n\t\t\t\t<article class=\"elementor-post elementor-grid-item post-11150 post type-post status-publish format-standard has-post-thumbnail hentry category-actualites\" role=\"listitem\">\n\t\t\t<div class=\"elementor-post__card\">\n\t\t\t\t<a class=\"elementor-post__thumbnail__link\" href=\"https:\/\/www.humantrip.fr\/es\/loteria-de-navidad-24-noviembre-2024\/\" tabindex=\"-1\" ><div class=\"elementor-post__thumbnail\"><img decoding=\"async\" width=\"300\" height=\"115\" src=\"https:\/\/www.humantrip.fr\/wp-content\/uploads\/2024\/10\/24.10.03-AFFICHE-A3-1-1-e1730210514259-300x115.png\" class=\"attachment-medium size-medium wp-image-11151\" alt=\"\" srcset=\"https:\/\/www.humantrip.fr\/wp-content\/uploads\/2024\/10\/24.10.03-AFFICHE-A3-1-1-e1730210514259-300x115.png 300w, https:\/\/www.humantrip.fr\/wp-content\/uploads\/2024\/10\/24.10.03-AFFICHE-A3-1-1-e1730210514259-1024x393.png 1024w, https:\/\/www.humantrip.fr\/wp-content\/uploads\/2024\/10\/24.10.03-AFFICHE-A3-1-1-e1730210514259-768x295.png 768w, https:\/\/www.humantrip.fr\/wp-content\/uploads\/2024\/10\/24.10.03-AFFICHE-A3-1-1-e1730210514259-1536x590.png 1536w, https:\/\/www.humantrip.fr\/wp-content\/uploads\/2024\/10\/24.10.03-AFFICHE-A3-1-1-e1730210514259-18x7.png 18w, https:\/\/www.humantrip.fr\/wp-content\/uploads\/2024\/10\/24.10.03-AFFICHE-A3-1-1-e1730210514259-450x173.png 450w, https:\/\/www.humantrip.fr\/wp-content\/uploads\/2024\/10\/24.10.03-AFFICHE-A3-1-1-e1730210514259-1302x500.png 1302w, https:\/\/www.humantrip.fr\/wp-content\/uploads\/2024\/10\/24.10.03-AFFICHE-A3-1-1-e1730210514259.png 2046w\" sizes=\"(max-width: 300px) 100vw, 300px\" \/><\/div><\/a>\n\t\t\t\t<div class=\"elementor-post__badge\">Noticias<\/div>\n\t\t\t\t<div class=\"elementor-post__text\">\n\t\t\t\t<h2 class=\"elementor-post__title\">\n\t\t\t<a href=\"https:\/\/www.humantrip.fr\/es\/loteria-de-navidad-24-noviembre-2024\/\" >\n\t\t\t\tLOTER\u00cdA DE NAVIDAD 24 NOVIEMBRE 2024\t\t\t<\/a>\n\t\t<\/h2>\n\t\t\t\t<div class=\"elementor-post__excerpt\">\n\t\t\t<p>\u2764\ufe0f LOTO DE NAVIDAD \ud83c\udf85\ud83c\udf84 Te esperamos el 24 de noviembre de 2024 en Bouc Bel Air para nuestro gran loto de Navidad en el<\/p>\n\t\t<\/div>\n\t\t\n\t\t<a class=\"elementor-post__read-more\" href=\"https:\/\/www.humantrip.fr\/es\/loteria-de-navidad-24-noviembre-2024\/\" aria-label=\"M\u00e1s informaci\u00f3n sobre LOTO DE NO\u00cbL 24 NOVIEMBRE 2024\" tabindex=\"-1\" >\n\t\t\tSeguir leyendo\t\t<\/a>\n\n\t\t\t\t<\/div>\n\t\t\t\t<div class=\"elementor-post__meta-data\">\n\t\t\t\t\t<span class=\"elementor-post-date\">\n\t\t\t29 de octubre de 2024\t\t<\/span>\n\t\t\t\t<span class=\"elementor-post-avatar\">\n\t\t\tNo hay comentarios\t\t<\/span>\n\t\t\t\t<\/div>\n\t\t\t\t\t<\/div>\n\t\t<\/article>\n\t\t\t\t<article class=\"elementor-post elementor-grid-item post-11022 post type-post status-publish format-standard hentry category-actualites\" role=\"listitem\">\n\t\t\t<div class=\"elementor-post__card\">\n\t\t\t\t<div class=\"elementor-post__text\">\n\t\t\t\t<h2 class=\"elementor-post__title\">\n\t\t\t<a href=\"https:\/\/www.humantrip.fr\/es\/bartolome-de-las-casas-el-primer-viajero-humanitario-que-cambio-la-historia\/\" >\n\t\t\t\tBartolom\u00e9 de las Casas: el primer viajero humanitario que cambi\u00f3 la Historia\t\t\t<\/a>\n\t\t<\/h2>\n\t\t\t\t<div class=\"elementor-post__excerpt\">\n\t\t\t<p>Viajar, en todas sus formas, siempre ha sido una b\u00fasqueda de descubrimientos. Pero para algunos, como Bartolom\u00e9 de las Casas, viajar se ha convertido en una forma de vida.<\/p>\n\t\t<\/div>\n\t\t\n\t\t<a class=\"elementor-post__read-more\" href=\"https:\/\/www.humantrip.fr\/es\/bartolome-de-las-casas-el-primer-viajero-humanitario-que-cambio-la-historia\/\" aria-label=\"M\u00e1s informaci\u00f3n sobre Bartolom\u00e9 de las Casas: El primer viajero humanitario que cambi\u00f3 la historia\" tabindex=\"-1\" >\n\t\t\tSeguir leyendo\t\t<\/a>\n\n\t\t\t\t<\/div>\n\t\t\t\t<div class=\"elementor-post__meta-data\">\n\t\t\t\t\t<span class=\"elementor-post-date\">\n\t\t\t30 de septiembre de 2024\t\t<\/span>\n\t\t\t\t<span class=\"elementor-post-avatar\">\n\t\t\tNo hay comentarios\t\t<\/span>\n\t\t\t\t<\/div>\n\t\t\t\t\t<\/div>\n\t\t<\/article>\n\t\t\t\t<article class=\"elementor-post elementor-grid-item post-10097 post type-post status-publish format-standard hentry category-actualites\" role=\"listitem\">\n\t\t\t<div class=\"elementor-post__card\">\n\t\t\t\t<div class=\"elementor-post__text\">\n\t\t\t\t<h2 class=\"elementor-post__title\">\n\t\t\t<a href=\"https:\/\/www.humantrip.fr\/es\/loto-du-coeur-3-abril-2022\/\" >\n\t\t\t\tLOTO DU COEUR 3 ABRIL 2022\t\t\t<\/a>\n\t\t<\/h2>\n\t\t\t\t<div class=\"elementor-post__excerpt\">\n\t\t\t<p>LOTO DU COEUR Para ayudar a los ni\u00f1os de Ucrania y Nepal, la asociaci\u00f3n Human Trip organiza un gran sorteo: domingo 3 de abril.<\/p>\n\t\t<\/div>\n\t\t\n\t\t<a class=\"elementor-post__read-more\" href=\"https:\/\/www.humantrip.fr\/es\/loto-du-coeur-3-abril-2022\/\" aria-label=\"M\u00e1s informaci\u00f3n sobre LOTO DU COEUR 3 AVRIL 2022\" tabindex=\"-1\" >\n\t\t\tSeguir leyendo\t\t<\/a>\n\n\t\t\t\t<\/div>\n\t\t\t\t<div class=\"elementor-post__meta-data\">\n\t\t\t\t\t<span class=\"elementor-post-date\">\n\t\t\t18 de marzo de 2022\t\t<\/span>\n\t\t\t\t<span class=\"elementor-post-avatar\">\n\t\t\tNo hay comentarios\t\t<\/span>\n\t\t\t\t<\/div>\n\t\t\t\t\t<\/div>\n\t\t<\/article>\n\t\t\t\t<article class=\"elementor-post elementor-grid-item post-9957 post type-post status-publish format-standard hentry category-actualites\" role=\"listitem\">\n\t\t\t<div class=\"elementor-post__card\">\n\t\t\t\t<div class=\"elementor-post__text\">\n\t\t\t\t<h2 class=\"elementor-post__title\">\n\t\t\t<a href=\"https:\/\/www.humantrip.fr\/es\/9957-2\/\" >\n\t\t\t\tLA T\u00d3MBOLA DEL CORAZ\u00d3N 18 DE DICIEMBRE DE 2021\t\t\t<\/a>\n\t\t<\/h2>\n\t\t\t\t<div class=\"elementor-post__excerpt\">\n\t\t\t<p>&nbsp; El sorteo tendr\u00e1 lugar el 18 de diciembre. Esta t\u00f3mbola se destinar\u00e1 a la asociaci\u00f3n Human Trip y nos permitir\u00e1<\/p>\n\t\t<\/div>\n\t\t\n\t\t<a class=\"elementor-post__read-more\" href=\"https:\/\/www.humantrip.fr\/es\/9957-2\/\" aria-label=\"M\u00e1s informaci\u00f3n sobre LA TOMBOLA DU COEUR 18 DICIEMBRE 2021\" tabindex=\"-1\" >\n\t\t\tSeguir leyendo\t\t<\/a>\n\n\t\t\t\t<\/div>\n\t\t\t\t<div class=\"elementor-post__meta-data\">\n\t\t\t\t\t<span class=\"elementor-post-date\">\n\t\t\t1 de diciembre de 2021\t\t<\/span>\n\t\t\t\t<span class=\"elementor-post-avatar\">\n\t\t\tNo hay comentarios\t\t<\/span>\n\t\t\t\t<\/div>\n\t\t\t\t\t<\/div>\n\t\t<\/article>\n\t\t\t\t<\/div>\n\t\t\n\t\t\t\t\t\t<\/div>\n\t\t\t\t<\/div>\n\t\t\t\t\t<\/div>\n\t\t<\/div>\n\t\t\t\t\t<\/div>\n\t\t<\/section>\n\t\t\t\t<\/div>","protected":false},"excerpt":{"rendered":"<p>Descubra nuestras \u00faltimas noticias, las nuevas vacaciones Humantrip, la actualidad del turismo solidario y todas las publicaciones elaboradas por nuestro equipo. Suscr\u00edbase a nuestro bolet\u00edn para estar al d\u00eda de todas las novedades.<\/p>","protected":false},"author":1,"featured_media":0,"parent":0,"menu_order":0,"comment_status":"closed","ping_status":"closed","template":"","meta":{"_acf_changed":false,"inline_featured_image":false,"footnotes":""},"class_list":["post-2995","page","type-page","status-publish","hentry"],"acf":[],"_links":{"self":[{"href":"https:\/\/www.humantrip.fr\/es\/wp-json\/wp\/v2\/pages\/2995","targetHints":{"allow":["GET"]}}],"collection":[{"href":"https:\/\/www.humantrip.fr\/es\/wp-json\/wp\/v2\/pages"}],"about":[{"href":"https:\/\/www.humantrip.fr\/es\/wp-json\/wp\/v2\/types\/page"}],"author":[{"embeddable":true,"href":"https:\/\/www.humantrip.fr\/es\/wp-json\/wp\/v2\/users\/1"}],"replies":[{"embeddable":true,"href":"https:\/\/www.humantrip.fr\/es\/wp-json\/wp\/v2\/comments?post=2995"}],"version-history":[{"count":10,"href":"https:\/\/www.humantrip.fr\/es\/wp-json\/wp\/v2\/pages\/2995\/revisions"}],"predecessor-version":[{"id":9122,"href":"https:\/\/www.humantrip.fr\/es\/wp-json\/wp\/v2\/pages\/2995\/revisions\/9122"}],"wp:attachment":[{"href":"https:\/\/www.humantrip.fr\/es\/wp-json\/wp\/v2\/media?parent=2995"}],"curies":[{"name":"wp","href":"https:\/\/api.w.org\/{rel}","templated":true}]}}