{"id":3771,"date":"2020-09-03T11:05:50","date_gmt":"2020-09-03T09:05:50","guid":{"rendered":"https:\/\/www.humantrip.fr\/?page_id=3771"},"modified":"2021-01-26T10:32:31","modified_gmt":"2021-01-26T09:32:31","slug":"informacion-legal","status":"publish","type":"page","link":"https:\/\/www.humantrip.fr\/es\/informacion-legal\/","title":{"rendered":"Informaci\u00f3n jur\u00eddica"},"content":{"rendered":"<div data-elementor-type=\"wp-page\" data-elementor-id=\"3771\" class=\"elementor elementor-3771\" data-elementor-post-type=\"page\">\n\t\t\t\t\t\t<section class=\"elementor-section elementor-top-section elementor-element elementor-element-5015c384 elementor-section-full_width elementor-section-height-min-height elementor-section-height-default elementor-section-items-middle\" data-id=\"5015c384\" data-element_type=\"section\" data-e-type=\"section\" data-settings=\"{&quot;background_background&quot;:&quot;classic&quot;}\">\n\t\t\t\t\t\t<div class=\"elementor-container elementor-column-gap-default\">\n\t\t\t\t\t<div class=\"elementor-column elementor-col-100 elementor-top-column elementor-element elementor-element-291993cd\" data-id=\"291993cd\" data-element_type=\"column\" data-e-type=\"column\">\n\t\t\t<div class=\"elementor-widget-wrap\">\n\t\t\t\t\t\t\t<\/div>\n\t\t<\/div>\n\t\t\t\t\t<\/div>\n\t\t<\/section>\n\t\t\t\t<section class=\"elementor-section elementor-top-section elementor-element elementor-element-30920d97 elementor-section-full_width elementor-section-height-min-height elementor-section-height-default elementor-section-items-middle\" data-id=\"30920d97\" data-element_type=\"section\" data-e-type=\"section\" data-settings=\"{&quot;background_background&quot;:&quot;classic&quot;}\">\n\t\t\t\t\t\t<div class=\"elementor-container elementor-column-gap-default\">\n\t\t\t\t\t<div class=\"elementor-column elementor-col-100 elementor-top-column elementor-element elementor-element-5b69c6a5\" data-id=\"5b69c6a5\" data-element_type=\"column\" data-e-type=\"column\">\n\t\t\t<div class=\"elementor-widget-wrap\">\n\t\t\t\t\t\t\t<\/div>\n\t\t<\/div>\n\t\t\t\t\t<\/div>\n\t\t<\/section>\n\t\t\t\t<section class=\"elementor-section elementor-top-section elementor-element elementor-element-3045262f elementor-section-boxed elementor-section-height-default elementor-section-height-default\" data-id=\"3045262f\" data-element_type=\"section\" data-e-type=\"section\">\n\t\t\t\t\t\t<div class=\"elementor-container elementor-column-gap-default\">\n\t\t\t\t\t<div class=\"elementor-column elementor-col-100 elementor-top-column elementor-element elementor-element-50b93c4\" data-id=\"50b93c4\" data-element_type=\"column\" data-e-type=\"column\">\n\t\t\t<div class=\"elementor-widget-wrap elementor-element-populated\">\n\t\t\t\t\t\t<div class=\"elementor-element elementor-element-3c530657 elementor-widget elementor-widget-heading\" data-id=\"3c530657\" data-element_type=\"widget\" data-e-type=\"widget\" data-widget_type=\"heading.default\">\n\t\t\t\t<div class=\"elementor-widget-container\">\n\t\t\t\t\t<h2 class=\"elementor-heading-title elementor-size-default\">Informaci\u00f3n jur\u00eddica<\/h2>\t\t\t\t<\/div>\n\t\t\t\t<\/div>\n\t\t\t\t\t<\/div>\n\t\t<\/div>\n\t\t\t\t\t<\/div>\n\t\t<\/section>\n\t\t\t\t<section class=\"elementor-section elementor-top-section elementor-element elementor-element-42c65465 elementor-section-full_width elementor-section-height-min-height elementor-section-height-default elementor-section-items-middle\" data-id=\"42c65465\" data-element_type=\"section\" data-e-type=\"section\" data-settings=\"{&quot;background_background&quot;:&quot;classic&quot;}\">\n\t\t\t\t\t\t<div class=\"elementor-container elementor-column-gap-default\">\n\t\t\t\t\t<div class=\"elementor-column elementor-col-100 elementor-top-column elementor-element elementor-element-318aaa16\" data-id=\"318aaa16\" data-element_type=\"column\" data-e-type=\"column\">\n\t\t\t<div class=\"elementor-widget-wrap\">\n\t\t\t\t\t\t\t<\/div>\n\t\t<\/div>\n\t\t\t\t\t<\/div>\n\t\t<\/section>\n\t\t\t\t<section class=\"elementor-section elementor-top-section elementor-element elementor-element-7c7e7d6c elementor-section-boxed elementor-section-height-default elementor-section-height-default\" data-id=\"7c7e7d6c\" data-element_type=\"section\" data-e-type=\"section\" data-settings=\"{&quot;background_background&quot;:&quot;classic&quot;}\">\n\t\t\t\t\t\t<div class=\"elementor-container elementor-column-gap-default\">\n\t\t\t\t\t<div class=\"elementor-column elementor-col-100 elementor-top-column elementor-element elementor-element-446f51f8\" data-id=\"446f51f8\" data-element_type=\"column\" data-e-type=\"column\">\n\t\t\t<div class=\"elementor-widget-wrap elementor-element-populated\">\n\t\t\t\t\t\t<div class=\"elementor-element elementor-element-7eccaebf elementor-widget elementor-widget-text-editor\" data-id=\"7eccaebf\" data-element_type=\"widget\" data-e-type=\"widget\" data-widget_type=\"text-editor.default\">\n\t\t\t\t<div class=\"elementor-widget-container\">\n\t\t\t\t\t\t\t\t\t<p>HUMANTRIP, SARL LE VOYAGE HUMAIN - RCS AIX EN PROVENCE 500 900 899 - IM013100006 - Garant\u00eda Financiera APS - HISCOX RCP Seguros 0077782<br \/>Les Portes de l'Arbois - B\u00e2t.B - 1090 rue Ren\u00e9 Descartes - Parc de la Duranne - 13857 AIX-EN-PROVENCE Cedex 3<\/p><h2>Alojamiento<\/h2><p>El sitio web humantrip.fr est\u00e1 alojado en PYMAC, 11 rue Louise Colet, 13 090 Aix-en-Provence.<\/p><h2>Propiedad intelectual<\/h2><p>Todos los contenidos del sitio web humantrip.fr (im\u00e1genes, textos, v\u00eddeos, etc.) est\u00e1n sujetos a la legislaci\u00f3n francesa e internacional vigente en materia de propiedad intelectual (derechos de autor, derecho de marcas, derecho de bases de datos, etc.). Cualquier reproducci\u00f3n o representaci\u00f3n, total o parcial, del sitio web humantrip.fr, por cualquier procedimiento que sea, s\u00f3lo est\u00e1 permitida para un uso estrictamente privado. Cualquier otro uso est\u00e1 prohibido sin la autorizaci\u00f3n previa y expresa de LE VOYAGE HUMAIN.<\/p><h2>Confidencialidad de sus datos personales<\/h2><p>HUMANTRIP se compromete a respetar la confidencialidad de los datos personales que puedan ser comunicados por los usuarios en el sitio web.\u00a0<a href=\"https:\/\/www.humantrip.fr\/es\">http:\/\/humantrip.wordpress05.pymac.fr<\/a>\u00a0y tratarlos de conformidad con el Reglamento UE 2016\/679 del Parlamento Europeo y del Consejo, de 27 de abril de 2016, relativo a la protecci\u00f3n de las personas f\u00edsicas en lo que respecta al tratamiento de datos personales y a la libre circulaci\u00f3n de estos datos (RGPD).<\/p><p>Cuando visite nuestro sitio, es posible que le pidamos informaci\u00f3n a trav\u00e9s de nuestro formulario de contacto. La finalidad de esta informaci\u00f3n es identificar al cliente y registrar su solicitud para que podamos hacer un seguimiento de las ventas.<\/p><p>Se destinan exclusivamente a HUMANTRIP con fines de tratamiento, an\u00e1lisis, comunicaciones institucionales y, si est\u00e1 de acuerdo, propuestas comerciales.<\/p><p>De conformidad con el RGPD, previa acreditaci\u00f3n de su identidad, tiene derecho de acceso, rectificaci\u00f3n, portabilidad, supresi\u00f3n o limitaci\u00f3n del tratamiento. Para ello, debe enviarnos una carta a la siguiente direcci\u00f3n HUMANTRIP, SARL LE VOYAGE HUMAIN, Les Portes de l'Arbois - B\u00e2t.B - 1090 rue Ren\u00e9 Descartes - Parc de la Duranne - 13857 AIX-EN-PROVENCE Cedex 3, Francia.<\/p><p>Los datos se conservan durante 13 meses.<\/p><p>Cuando usted visita nuestro sitio web, HUMANTRIP puede colocar una cookie en su ordenador. Una cookie es un archivo de texto almacenado por su navegador en un espacio dedicado del disco duro de su terminal (ordenador, tableta, smartphone) cuando visita un sitio web. Permite al emisor identificar el terminal en el que se almacena durante su per\u00edodo de validez y almacenar cierta informaci\u00f3n relativa a su visita, en particular para simplificar su navegaci\u00f3n en los sitios web o para ofrecerle contenidos adaptados a sus intereses.<\/p>\t\t\t\t\t\t\t\t<\/div>\n\t\t\t\t<\/div>\n\t\t\t\t\t<\/div>\n\t\t<\/div>\n\t\t\t\t\t<\/div>\n\t\t<\/section>\n\t\t\t\t<\/div>","protected":false},"excerpt":{"rendered":"<p>HUMANTRIP, SARL LE VOYAGE HUMAIN &#8211; RCS AIX EN PROVENCE 500 900 899 &#8211; IM013100006 &#8211; Garantie Financi\u00e8re APS &#8211; Assurance RCP HISCOX 0077782Les Portes de l&rsquo;Arbois &#8211; B\u00e2t.B &#8211; 1090 rue Ren\u00e9 Descartes &#8211; Parc de la Duranne &#8211; 13857 AIX-EN-PROVENCE Cedex 3 H\u00e9bergement Le site humantrip.fr est h\u00e9berg\u00e9 par la soci\u00e9t\u00e9 PYMAC, 11 [&hellip;]<\/p>\n","protected":false},"author":1,"featured_media":0,"parent":0,"menu_order":0,"comment_status":"closed","ping_status":"closed","template":"","meta":{"_acf_changed":false,"inline_featured_image":false,"footnotes":""},"class_list":["post-3771","page","type-page","status-publish","hentry"],"acf":[],"_links":{"self":[{"href":"https:\/\/www.humantrip.fr\/es\/wp-json\/wp\/v2\/pages\/3771","targetHints":{"allow":["GET"]}}],"collection":[{"href":"https:\/\/www.humantrip.fr\/es\/wp-json\/wp\/v2\/pages"}],"about":[{"href":"https:\/\/www.humantrip.fr\/es\/wp-json\/wp\/v2\/types\/page"}],"author":[{"embeddable":true,"href":"https:\/\/www.humantrip.fr\/es\/wp-json\/wp\/v2\/users\/1"}],"replies":[{"embeddable":true,"href":"https:\/\/www.humantrip.fr\/es\/wp-json\/wp\/v2\/comments?post=3771"}],"version-history":[{"count":9,"href":"https:\/\/www.humantrip.fr\/es\/wp-json\/wp\/v2\/pages\/3771\/revisions"}],"predecessor-version":[{"id":9117,"href":"https:\/\/www.humantrip.fr\/es\/wp-json\/wp\/v2\/pages\/3771\/revisions\/9117"}],"wp:attachment":[{"href":"https:\/\/www.humantrip.fr\/es\/wp-json\/wp\/v2\/media?parent=3771"}],"curies":[{"name":"wp","href":"https:\/\/api.w.org\/{rel}","templated":true}]}}