{"id":3780,"date":"2020-09-03T11:14:12","date_gmt":"2020-09-03T09:14:12","guid":{"rendered":"https:\/\/www.humantrip.fr\/?page_id=3780"},"modified":"2021-01-26T10:33:37","modified_gmt":"2021-01-26T09:33:37","slug":"seguridad-y-confidencialidad","status":"publish","type":"page","link":"https:\/\/www.humantrip.fr\/es\/seguridad-y-confidencialidad\/","title":{"rendered":"Seguridad y confidencialidad"},"content":{"rendered":"<div data-elementor-type=\"wp-page\" data-elementor-id=\"3780\" class=\"elementor elementor-3780\" data-elementor-post-type=\"page\">\n\t\t\t\t\t\t<section class=\"elementor-section elementor-top-section elementor-element elementor-element-5015c384 elementor-section-full_width elementor-section-height-min-height elementor-section-height-default elementor-section-items-middle\" data-id=\"5015c384\" data-element_type=\"section\" data-e-type=\"section\" data-settings=\"{&quot;background_background&quot;:&quot;classic&quot;}\">\n\t\t\t\t\t\t<div class=\"elementor-container elementor-column-gap-default\">\n\t\t\t\t\t<div class=\"elementor-column elementor-col-100 elementor-top-column elementor-element elementor-element-291993cd\" data-id=\"291993cd\" data-element_type=\"column\" data-e-type=\"column\">\n\t\t\t<div class=\"elementor-widget-wrap\">\n\t\t\t\t\t\t\t<\/div>\n\t\t<\/div>\n\t\t\t\t\t<\/div>\n\t\t<\/section>\n\t\t\t\t<section class=\"elementor-section elementor-top-section elementor-element elementor-element-30920d97 elementor-section-full_width elementor-section-height-min-height elementor-section-height-default elementor-section-items-middle\" data-id=\"30920d97\" data-element_type=\"section\" data-e-type=\"section\" data-settings=\"{&quot;background_background&quot;:&quot;classic&quot;}\">\n\t\t\t\t\t\t<div class=\"elementor-container elementor-column-gap-default\">\n\t\t\t\t\t<div class=\"elementor-column elementor-col-100 elementor-top-column elementor-element elementor-element-5b69c6a5\" data-id=\"5b69c6a5\" data-element_type=\"column\" data-e-type=\"column\">\n\t\t\t<div class=\"elementor-widget-wrap\">\n\t\t\t\t\t\t\t<\/div>\n\t\t<\/div>\n\t\t\t\t\t<\/div>\n\t\t<\/section>\n\t\t\t\t<section class=\"elementor-section elementor-top-section elementor-element elementor-element-3045262f elementor-section-boxed elementor-section-height-default elementor-section-height-default\" data-id=\"3045262f\" data-element_type=\"section\" data-e-type=\"section\">\n\t\t\t\t\t\t<div class=\"elementor-container elementor-column-gap-default\">\n\t\t\t\t\t<div class=\"elementor-column elementor-col-100 elementor-top-column elementor-element elementor-element-50b93c4\" data-id=\"50b93c4\" data-element_type=\"column\" data-e-type=\"column\">\n\t\t\t<div class=\"elementor-widget-wrap elementor-element-populated\">\n\t\t\t\t\t\t<div class=\"elementor-element elementor-element-3c530657 elementor-widget elementor-widget-heading\" data-id=\"3c530657\" data-element_type=\"widget\" data-e-type=\"widget\" data-widget_type=\"heading.default\">\n\t\t\t\t<div class=\"elementor-widget-container\">\n\t\t\t\t\t<h2 class=\"elementor-heading-title elementor-size-default\">Seguridad y confidencialidad<\/h2>\t\t\t\t<\/div>\n\t\t\t\t<\/div>\n\t\t\t\t\t<\/div>\n\t\t<\/div>\n\t\t\t\t\t<\/div>\n\t\t<\/section>\n\t\t\t\t<section class=\"elementor-section elementor-top-section elementor-element elementor-element-42c65465 elementor-section-full_width elementor-section-height-min-height elementor-section-height-default elementor-section-items-middle\" data-id=\"42c65465\" data-element_type=\"section\" data-e-type=\"section\" data-settings=\"{&quot;background_background&quot;:&quot;classic&quot;}\">\n\t\t\t\t\t\t<div class=\"elementor-container elementor-column-gap-default\">\n\t\t\t\t\t<div class=\"elementor-column elementor-col-100 elementor-top-column elementor-element elementor-element-318aaa16\" data-id=\"318aaa16\" data-element_type=\"column\" data-e-type=\"column\">\n\t\t\t<div class=\"elementor-widget-wrap\">\n\t\t\t\t\t\t\t<\/div>\n\t\t<\/div>\n\t\t\t\t\t<\/div>\n\t\t<\/section>\n\t\t\t\t<section class=\"elementor-section elementor-top-section elementor-element elementor-element-7c7e7d6c elementor-section-boxed elementor-section-height-default elementor-section-height-default\" data-id=\"7c7e7d6c\" data-element_type=\"section\" data-e-type=\"section\" data-settings=\"{&quot;background_background&quot;:&quot;classic&quot;}\">\n\t\t\t\t\t\t<div class=\"elementor-container elementor-column-gap-default\">\n\t\t\t\t\t<div class=\"elementor-column elementor-col-100 elementor-top-column elementor-element elementor-element-446f51f8\" data-id=\"446f51f8\" data-element_type=\"column\" data-e-type=\"column\">\n\t\t\t<div class=\"elementor-widget-wrap elementor-element-populated\">\n\t\t\t\t\t\t<div class=\"elementor-element elementor-element-7eccaebf elementor-widget elementor-widget-text-editor\" data-id=\"7eccaebf\" data-element_type=\"widget\" data-e-type=\"widget\" data-widget_type=\"text-editor.default\">\n\t\t\t\t<div class=\"elementor-widget-container\">\n\t\t\t\t\t\t\t\t\t<section class=\"page\"><div class=\"container\"><div class=\"row\"><div class=\"col-xs-12\"><div class=\"region region-content\"><section id=\"block-system-main\" class=\"block block-system clearfix\"><div class=\"field field-name-body field-type-text-with-summary field-label-hidden\"><div class=\"field-items\"><div class=\"field-item even\"><p>La informaci\u00f3n que usted proporciona en el Sitio permite a Humantrip procesar y satisfacer sus pedidos. De conformidad con el art\u00edculo 32 de la Ley de Inform\u00e1tica y Libertades de 6 de enero de 1978, la informaci\u00f3n requerida por Humantrip para procesar y cumplir con los pedidos se indica con un asterisco en las p\u00e1ginas del Sitio.<br \/>Los dem\u00e1s datos solicitados, cuya respuesta es facultativa, tienen por objeto conocer mejor a los usuarios y mejorar as\u00ed los servicios que se les ofrecen, garantizando al mismo tiempo la seguridad. De conformidad con la Ley francesa de Protecci\u00f3n de Datos de 6 de enero de 1978, usted dispone de un derecho de acceso y rectificaci\u00f3n de sus datos personales. Si desea ejercer este derecho, basta con que nos env\u00ede su solicitud por correo electr\u00f3nico a la secci\u00f3n de contacto del sitio, de conformidad con las condiciones legales que figuran a continuaci\u00f3n.<br \/>Humantrip ha implementado medidas de seguridad en sus servidores inform\u00e1ticos para proteger a los usuarios de Internet contra la p\u00e9rdida o el uso no autorizado de la informaci\u00f3n que les concierne y que ha sido transmitida y est\u00e1 bajo el control del host.<br \/>Sin embargo, ning\u00fan mecanismo de seguridad es perfecto y los usuarios deben ser conscientes de que siempre existe un cierto nivel de riesgo de que la informaci\u00f3n personal transmitida a Humantrip pueda ser divulgada sin su consentimiento y sin culpa de Humantrip. Humantrip declina toda responsabilidad con respecto al hecho de que la informaci\u00f3n confidencial de los usuarios pueda ser divulgada, salvo en caso de negligencia por parte de Humantrip.<br \/>\u00a0<\/p><h2>Recogida de datos (cookies)<\/h2><p>El sitio web\u00a0<a href=\"http:\/\/www.humantrip.fr\/es\/\">www.humantrip.fr<\/a>\u00a0puede colocar cookies en su ordenador. Estas cookies registran informaci\u00f3n sobre su navegaci\u00f3n en nuestro sitio y pueden utilizarse para almacenar informaci\u00f3n que usted haya introducido durante su visita. De este modo, no tendr\u00e1 que volver a introducir esta informaci\u00f3n en su pr\u00f3xima visita. Puede evitar que se guarden las cookies configurando los ajustes de su navegador.<\/p><h2>Enlaces a otros sitios<\/h2><p>El sitio Humantrip contiene enlaces a sitios web gestionados por otras organizaciones y empresas. Al hacer clic en estos enlaces, usted abandona el sitio Humantrip. Humantrip no tiene control alguno sobre el funcionamiento de estos sitios Web, y el hecho de que figuren en el sitio Humantrip no implica en modo alguno que Humantrip sea responsable de los mismos. Cualquier informaci\u00f3n personal transmitida a trav\u00e9s de estos sitios est\u00e1 sujeta a la pol\u00edtica de protecci\u00f3n de informaci\u00f3n personal de los mismos. Le recomendamos que preste especial atenci\u00f3n a las pol\u00edticas de privacidad de estos sitios.<\/p><\/div><\/div><\/div><\/section><\/div><\/div><\/div><\/div><\/section>\t\t\t\t\t\t\t\t<\/div>\n\t\t\t\t<\/div>\n\t\t\t\t\t<\/div>\n\t\t<\/div>\n\t\t\t\t\t<\/div>\n\t\t<\/section>\n\t\t\t\t<\/div>","protected":false},"excerpt":{"rendered":"<p>Les informations que vous communiquez sur le Site permettent \u00e0 Humantrip de traiter et ex\u00e9cuter vos commandes. Conform\u00e9ment \u00e0 l\u2019article 32 de la Loi Informatique et Libert\u00e9s du 6 janvier 1978, les informations indispensables \u00e0 Humantrip, pour traiter et ex\u00e9cuter les commandes, sont signal\u00e9es par un ast\u00e9risque dans les pages du Site.Les autres informations demand\u00e9es, [&hellip;]<\/p>\n","protected":false},"author":1,"featured_media":0,"parent":0,"menu_order":0,"comment_status":"closed","ping_status":"closed","template":"","meta":{"_acf_changed":false,"inline_featured_image":false,"footnotes":""},"class_list":["post-3780","page","type-page","status-publish","hentry"],"acf":[],"_links":{"self":[{"href":"https:\/\/www.humantrip.fr\/es\/wp-json\/wp\/v2\/pages\/3780","targetHints":{"allow":["GET"]}}],"collection":[{"href":"https:\/\/www.humantrip.fr\/es\/wp-json\/wp\/v2\/pages"}],"about":[{"href":"https:\/\/www.humantrip.fr\/es\/wp-json\/wp\/v2\/types\/page"}],"author":[{"embeddable":true,"href":"https:\/\/www.humantrip.fr\/es\/wp-json\/wp\/v2\/users\/1"}],"replies":[{"embeddable":true,"href":"https:\/\/www.humantrip.fr\/es\/wp-json\/wp\/v2\/comments?post=3780"}],"version-history":[{"count":5,"href":"https:\/\/www.humantrip.fr\/es\/wp-json\/wp\/v2\/pages\/3780\/revisions"}],"predecessor-version":[{"id":9129,"href":"https:\/\/www.humantrip.fr\/es\/wp-json\/wp\/v2\/pages\/3780\/revisions\/9129"}],"wp:attachment":[{"href":"https:\/\/www.humantrip.fr\/es\/wp-json\/wp\/v2\/media?parent=3780"}],"curies":[{"name":"wp","href":"https:\/\/api.w.org\/{rel}","templated":true}]}}