{"id":3771,"date":"2020-09-03T11:05:50","date_gmt":"2020-09-03T09:05:50","guid":{"rendered":"https:\/\/www.humantrip.fr\/?page_id=3771"},"modified":"2021-01-26T10:32:31","modified_gmt":"2021-01-26T09:32:31","slug":"informazioni-legali","status":"publish","type":"page","link":"https:\/\/www.humantrip.fr\/it\/informazioni-legali\/","title":{"rendered":"Informazioni legali"},"content":{"rendered":"<div data-elementor-type=\"wp-page\" data-elementor-id=\"3771\" class=\"elementor elementor-3771\" data-elementor-post-type=\"page\">\n\t\t\t\t\t\t<section class=\"elementor-section elementor-top-section elementor-element elementor-element-5015c384 elementor-section-full_width elementor-section-height-min-height elementor-section-height-default elementor-section-items-middle\" data-id=\"5015c384\" data-element_type=\"section\" data-e-type=\"section\" data-settings=\"{&quot;background_background&quot;:&quot;classic&quot;}\">\n\t\t\t\t\t\t<div class=\"elementor-container elementor-column-gap-default\">\n\t\t\t\t\t<div class=\"elementor-column elementor-col-100 elementor-top-column elementor-element elementor-element-291993cd\" data-id=\"291993cd\" data-element_type=\"column\" data-e-type=\"column\">\n\t\t\t<div class=\"elementor-widget-wrap\">\n\t\t\t\t\t\t\t<\/div>\n\t\t<\/div>\n\t\t\t\t\t<\/div>\n\t\t<\/section>\n\t\t\t\t<section class=\"elementor-section elementor-top-section elementor-element elementor-element-30920d97 elementor-section-full_width elementor-section-height-min-height elementor-section-height-default elementor-section-items-middle\" data-id=\"30920d97\" data-element_type=\"section\" data-e-type=\"section\" data-settings=\"{&quot;background_background&quot;:&quot;classic&quot;}\">\n\t\t\t\t\t\t<div class=\"elementor-container elementor-column-gap-default\">\n\t\t\t\t\t<div class=\"elementor-column elementor-col-100 elementor-top-column elementor-element elementor-element-5b69c6a5\" data-id=\"5b69c6a5\" data-element_type=\"column\" data-e-type=\"column\">\n\t\t\t<div class=\"elementor-widget-wrap\">\n\t\t\t\t\t\t\t<\/div>\n\t\t<\/div>\n\t\t\t\t\t<\/div>\n\t\t<\/section>\n\t\t\t\t<section class=\"elementor-section elementor-top-section elementor-element elementor-element-3045262f elementor-section-boxed elementor-section-height-default elementor-section-height-default\" data-id=\"3045262f\" data-element_type=\"section\" data-e-type=\"section\">\n\t\t\t\t\t\t<div class=\"elementor-container elementor-column-gap-default\">\n\t\t\t\t\t<div class=\"elementor-column elementor-col-100 elementor-top-column elementor-element elementor-element-50b93c4\" data-id=\"50b93c4\" data-element_type=\"column\" data-e-type=\"column\">\n\t\t\t<div class=\"elementor-widget-wrap elementor-element-populated\">\n\t\t\t\t\t\t<div class=\"elementor-element elementor-element-3c530657 elementor-widget elementor-widget-heading\" data-id=\"3c530657\" data-element_type=\"widget\" data-e-type=\"widget\" data-widget_type=\"heading.default\">\n\t\t\t\t<div class=\"elementor-widget-container\">\n\t\t\t\t\t<h2 class=\"elementor-heading-title elementor-size-default\">Informazioni legali<\/h2>\t\t\t\t<\/div>\n\t\t\t\t<\/div>\n\t\t\t\t\t<\/div>\n\t\t<\/div>\n\t\t\t\t\t<\/div>\n\t\t<\/section>\n\t\t\t\t<section class=\"elementor-section elementor-top-section elementor-element elementor-element-42c65465 elementor-section-full_width elementor-section-height-min-height elementor-section-height-default elementor-section-items-middle\" data-id=\"42c65465\" data-element_type=\"section\" data-e-type=\"section\" data-settings=\"{&quot;background_background&quot;:&quot;classic&quot;}\">\n\t\t\t\t\t\t<div class=\"elementor-container elementor-column-gap-default\">\n\t\t\t\t\t<div class=\"elementor-column elementor-col-100 elementor-top-column elementor-element elementor-element-318aaa16\" data-id=\"318aaa16\" data-element_type=\"column\" data-e-type=\"column\">\n\t\t\t<div class=\"elementor-widget-wrap\">\n\t\t\t\t\t\t\t<\/div>\n\t\t<\/div>\n\t\t\t\t\t<\/div>\n\t\t<\/section>\n\t\t\t\t<section class=\"elementor-section elementor-top-section elementor-element elementor-element-7c7e7d6c elementor-section-boxed elementor-section-height-default elementor-section-height-default\" data-id=\"7c7e7d6c\" data-element_type=\"section\" data-e-type=\"section\" data-settings=\"{&quot;background_background&quot;:&quot;classic&quot;}\">\n\t\t\t\t\t\t<div class=\"elementor-container elementor-column-gap-default\">\n\t\t\t\t\t<div class=\"elementor-column elementor-col-100 elementor-top-column elementor-element elementor-element-446f51f8\" data-id=\"446f51f8\" data-element_type=\"column\" data-e-type=\"column\">\n\t\t\t<div class=\"elementor-widget-wrap elementor-element-populated\">\n\t\t\t\t\t\t<div class=\"elementor-element elementor-element-7eccaebf elementor-widget elementor-widget-text-editor\" data-id=\"7eccaebf\" data-element_type=\"widget\" data-e-type=\"widget\" data-widget_type=\"text-editor.default\">\n\t\t\t\t<div class=\"elementor-widget-container\">\n\t\t\t\t\t\t\t\t\t<p>HUMANTRIP, SARL LE VOYAGE HUMAIN - RCS AIX EN PROVENCE 500 900 899 - IM013100006 - APS Garanzia finanziaria - HISCOX RCP Assicurazione 0077782<br \/>Les Portes de l'Arbois - B\u00e2t.B - 1090 rue Ren\u00e9 Descartes - Parc de la Duranne - 13857 AIX-EN-PROVENCE Cedex 3<\/p><h2>Hosting<\/h2><p>Il sito web humantrip.fr \u00e8 ospitato da PYMAC, 11 rue Louise Colet, 13 090 Aix-en-Provence.<\/p><h2>Propriet\u00e0 intellettuale<\/h2><p>Tutti i contenuti del sito web humantrip.fr (immagini, testi, video, ecc.) sono soggetti alla legislazione francese e internazionale vigente in materia di propriet\u00e0 intellettuale (diritto d'autore, diritto dei marchi, diritto delle banche dati, ecc.) Qualsiasi riproduzione o rappresentazione, totale o parziale, del sito web humantrip.fr, con qualsiasi procedimento, \u00e8 consentita solo per uso strettamente privato. Qualsiasi altro utilizzo \u00e8 vietato senza la preventiva ed esplicita autorizzazione di LE VOYAGE HUMAIN.<\/p><h2>Riservatezza dei dati personali<\/h2><p>HUMANTRIP si impegna a rispettare la riservatezza dei dati personali eventualmente comunicati dagli utenti sul sito web.\u00a0<a href=\"https:\/\/www.humantrip.fr\/it\">http:\/\/humantrip.wordpress05.pymac.fr<\/a>\u00a0e di trattarli nel rispetto del Regolamento UE 2016\/679 del Parlamento Europeo e del Consiglio del 27 aprile 2016 relativo alla protezione delle persone fisiche con riguardo al trattamento dei dati personali, nonch\u00e9 alla libera circolazione di tali dati (RGPD).<\/p><p>Quando visitate il nostro sito, possiamo chiedervi informazioni utilizzando il nostro modulo di contatto. Lo scopo di queste informazioni \u00e8 quello di identificare il cliente e registrare la sua richiesta in modo da poter dare seguito alle vendite.<\/p><p>Sono destinati esclusivamente a HUMANTRIP per finalit\u00e0 di elaborazione, analisi, comunicazioni istituzionali e, se l'utente \u00e8 d'accordo, proposte commerciali.<\/p><p>Ai sensi del RGPD, previa semplice dimostrazione della vostra identit\u00e0, avete il diritto di accesso, rettifica, portabilit\u00e0, cancellazione o limitazione del trattamento. A tal fine, \u00e8 necessario inviare una lettera al seguente indirizzo: HUMANTRIP, SARL LE VOYAGE HUMAIN, Les Portes de l'Arbois - B\u00e2t.B - 1090 rue Ren\u00e9 Descartes - Parc de la Duranne - 13857 AIX-EN-PROVENCE Cedex 3, Francia.<\/p><p>I dati vengono conservati per 13 mesi.<\/p><p>Quando visitate il nostro sito web, HUMANTRIP pu\u00f2 inserire un cookie nel vostro computer. Un cookie \u00e8 un file di testo memorizzato dal vostro browser in uno spazio dedicato sul disco rigido del vostro terminale (computer, tablet, smartphone) quando visitate un sito web. Esso consente al mittente di identificare il terminale in cui \u00e8 memorizzato durante il periodo di validit\u00e0 e di memorizzare alcune informazioni relative alla visita dell'utente, in particolare al fine di semplificare la navigazione sui siti web o di offrire contenuti personalizzati in base ai suoi interessi.<\/p>\t\t\t\t\t\t\t\t<\/div>\n\t\t\t\t<\/div>\n\t\t\t\t\t<\/div>\n\t\t<\/div>\n\t\t\t\t\t<\/div>\n\t\t<\/section>\n\t\t\t\t<\/div>","protected":false},"excerpt":{"rendered":"<p>HUMANTRIP, SARL LE VOYAGE HUMAIN &#8211; RCS AIX EN PROVENCE 500 900 899 &#8211; IM013100006 &#8211; Garantie Financi\u00e8re APS &#8211; Assurance RCP HISCOX 0077782Les Portes de l&rsquo;Arbois &#8211; B\u00e2t.B &#8211; 1090 rue Ren\u00e9 Descartes &#8211; Parc de la Duranne &#8211; 13857 AIX-EN-PROVENCE Cedex 3 H\u00e9bergement Le site humantrip.fr est h\u00e9berg\u00e9 par la soci\u00e9t\u00e9 PYMAC, 11 [&hellip;]<\/p>\n","protected":false},"author":1,"featured_media":0,"parent":0,"menu_order":0,"comment_status":"closed","ping_status":"closed","template":"","meta":{"_acf_changed":false,"inline_featured_image":false,"footnotes":""},"class_list":["post-3771","page","type-page","status-publish","hentry"],"acf":[],"_links":{"self":[{"href":"https:\/\/www.humantrip.fr\/it\/wp-json\/wp\/v2\/pages\/3771","targetHints":{"allow":["GET"]}}],"collection":[{"href":"https:\/\/www.humantrip.fr\/it\/wp-json\/wp\/v2\/pages"}],"about":[{"href":"https:\/\/www.humantrip.fr\/it\/wp-json\/wp\/v2\/types\/page"}],"author":[{"embeddable":true,"href":"https:\/\/www.humantrip.fr\/it\/wp-json\/wp\/v2\/users\/1"}],"replies":[{"embeddable":true,"href":"https:\/\/www.humantrip.fr\/it\/wp-json\/wp\/v2\/comments?post=3771"}],"version-history":[{"count":9,"href":"https:\/\/www.humantrip.fr\/it\/wp-json\/wp\/v2\/pages\/3771\/revisions"}],"predecessor-version":[{"id":9117,"href":"https:\/\/www.humantrip.fr\/it\/wp-json\/wp\/v2\/pages\/3771\/revisions\/9117"}],"wp:attachment":[{"href":"https:\/\/www.humantrip.fr\/it\/wp-json\/wp\/v2\/media?parent=3771"}],"curies":[{"name":"wp","href":"https:\/\/api.w.org\/{rel}","templated":true}]}}