{"id":3780,"date":"2020-09-03T11:14:12","date_gmt":"2020-09-03T09:14:12","guid":{"rendered":"https:\/\/www.humantrip.fr\/?page_id=3780"},"modified":"2021-01-26T10:33:37","modified_gmt":"2021-01-26T09:33:37","slug":"sicurezza-e-riservatezza","status":"publish","type":"page","link":"https:\/\/www.humantrip.fr\/it\/sicurezza-e-riservatezza\/","title":{"rendered":"Sicurezza e riservatezza"},"content":{"rendered":"<div data-elementor-type=\"wp-page\" data-elementor-id=\"3780\" class=\"elementor elementor-3780\" data-elementor-post-type=\"page\">\n\t\t\t\t\t\t<section class=\"elementor-section elementor-top-section elementor-element elementor-element-5015c384 elementor-section-full_width elementor-section-height-min-height elementor-section-height-default elementor-section-items-middle\" data-id=\"5015c384\" data-element_type=\"section\" data-e-type=\"section\" data-settings=\"{&quot;background_background&quot;:&quot;classic&quot;}\">\n\t\t\t\t\t\t<div class=\"elementor-container elementor-column-gap-default\">\n\t\t\t\t\t<div class=\"elementor-column elementor-col-100 elementor-top-column elementor-element elementor-element-291993cd\" data-id=\"291993cd\" data-element_type=\"column\" data-e-type=\"column\">\n\t\t\t<div class=\"elementor-widget-wrap\">\n\t\t\t\t\t\t\t<\/div>\n\t\t<\/div>\n\t\t\t\t\t<\/div>\n\t\t<\/section>\n\t\t\t\t<section class=\"elementor-section elementor-top-section elementor-element elementor-element-30920d97 elementor-section-full_width elementor-section-height-min-height elementor-section-height-default elementor-section-items-middle\" data-id=\"30920d97\" data-element_type=\"section\" data-e-type=\"section\" data-settings=\"{&quot;background_background&quot;:&quot;classic&quot;}\">\n\t\t\t\t\t\t<div class=\"elementor-container elementor-column-gap-default\">\n\t\t\t\t\t<div class=\"elementor-column elementor-col-100 elementor-top-column elementor-element elementor-element-5b69c6a5\" data-id=\"5b69c6a5\" data-element_type=\"column\" data-e-type=\"column\">\n\t\t\t<div class=\"elementor-widget-wrap\">\n\t\t\t\t\t\t\t<\/div>\n\t\t<\/div>\n\t\t\t\t\t<\/div>\n\t\t<\/section>\n\t\t\t\t<section class=\"elementor-section elementor-top-section elementor-element elementor-element-3045262f elementor-section-boxed elementor-section-height-default elementor-section-height-default\" data-id=\"3045262f\" data-element_type=\"section\" data-e-type=\"section\">\n\t\t\t\t\t\t<div class=\"elementor-container elementor-column-gap-default\">\n\t\t\t\t\t<div class=\"elementor-column elementor-col-100 elementor-top-column elementor-element elementor-element-50b93c4\" data-id=\"50b93c4\" data-element_type=\"column\" data-e-type=\"column\">\n\t\t\t<div class=\"elementor-widget-wrap elementor-element-populated\">\n\t\t\t\t\t\t<div class=\"elementor-element elementor-element-3c530657 elementor-widget elementor-widget-heading\" data-id=\"3c530657\" data-element_type=\"widget\" data-e-type=\"widget\" data-widget_type=\"heading.default\">\n\t\t\t\t<div class=\"elementor-widget-container\">\n\t\t\t\t\t<h2 class=\"elementor-heading-title elementor-size-default\">Sicurezza e riservatezza<\/h2>\t\t\t\t<\/div>\n\t\t\t\t<\/div>\n\t\t\t\t\t<\/div>\n\t\t<\/div>\n\t\t\t\t\t<\/div>\n\t\t<\/section>\n\t\t\t\t<section class=\"elementor-section elementor-top-section elementor-element elementor-element-42c65465 elementor-section-full_width elementor-section-height-min-height elementor-section-height-default elementor-section-items-middle\" data-id=\"42c65465\" data-element_type=\"section\" data-e-type=\"section\" data-settings=\"{&quot;background_background&quot;:&quot;classic&quot;}\">\n\t\t\t\t\t\t<div class=\"elementor-container elementor-column-gap-default\">\n\t\t\t\t\t<div class=\"elementor-column elementor-col-100 elementor-top-column elementor-element elementor-element-318aaa16\" data-id=\"318aaa16\" data-element_type=\"column\" data-e-type=\"column\">\n\t\t\t<div class=\"elementor-widget-wrap\">\n\t\t\t\t\t\t\t<\/div>\n\t\t<\/div>\n\t\t\t\t\t<\/div>\n\t\t<\/section>\n\t\t\t\t<section class=\"elementor-section elementor-top-section elementor-element elementor-element-7c7e7d6c elementor-section-boxed elementor-section-height-default elementor-section-height-default\" data-id=\"7c7e7d6c\" data-element_type=\"section\" data-e-type=\"section\" data-settings=\"{&quot;background_background&quot;:&quot;classic&quot;}\">\n\t\t\t\t\t\t<div class=\"elementor-container elementor-column-gap-default\">\n\t\t\t\t\t<div class=\"elementor-column elementor-col-100 elementor-top-column elementor-element elementor-element-446f51f8\" data-id=\"446f51f8\" data-element_type=\"column\" data-e-type=\"column\">\n\t\t\t<div class=\"elementor-widget-wrap elementor-element-populated\">\n\t\t\t\t\t\t<div class=\"elementor-element elementor-element-7eccaebf elementor-widget elementor-widget-text-editor\" data-id=\"7eccaebf\" data-element_type=\"widget\" data-e-type=\"widget\" data-widget_type=\"text-editor.default\">\n\t\t\t\t<div class=\"elementor-widget-container\">\n\t\t\t\t\t\t\t\t\t<section class=\"page\"><div class=\"container\"><div class=\"row\"><div class=\"col-xs-12\"><div class=\"region region-content\"><section id=\"block-system-main\" class=\"block block-system clearfix\"><div class=\"field field-name-body field-type-text-with-summary field-label-hidden\"><div class=\"field-items\"><div class=\"field-item even\"><p>Le informazioni fornite dall'utente sul Sito consentono a Humantrip di elaborare ed evadere gli ordini. Ai sensi dell'articolo 32 della legge francese sulla protezione dei dati del 6 gennaio 1978, le informazioni richieste da Humantrip per elaborare ed evadere gli ordini sono indicate con un asterisco sulle pagine del Sito.<br \/>Le altre informazioni richieste, per le quali la risposta \u00e8 facoltativa, hanno lo scopo di conoscere meglio gli utenti e quindi di migliorare i servizi loro offerti, garantendo al contempo la sicurezza. Ai sensi della legge francese sulla protezione dei dati personali del 6 gennaio 1978, l'utente ha il diritto di accedere ai propri dati personali e di rettificarli. Per esercitare tale diritto, \u00e8 sufficiente inviare la propria richiesta via e-mail nella sezione contatti del sito, nel rispetto delle condizioni legali indicate di seguito.<br \/>Humantrip ha implementato misure di sicurezza sui propri server informatici per proteggere gli utenti di Internet dalla perdita o dall'uso non autorizzato di informazioni che li riguardano, trasmesse e sotto il controllo dell'host.<br \/>Tuttavia, nessun meccanismo di sicurezza \u00e8 perfetto e gli utenti devono essere consapevoli che esiste sempre un certo livello di rischio che le informazioni personali trasmesse a Humantrip possano essere divulgate senza il loro consenso e senza alcuna colpa da parte di Humantrip. Humantrip declina ogni responsabilit\u00e0 in merito al fatto che le informazioni riservate degli utenti possano essere divulgate, salvo in caso di negligenza da parte di Humantrip.<br \/>\u00a0<\/p><h2>Raccolta di dati (cookie)<\/h2><p>Il sito web\u00a0<a href=\"http:\/\/www.humantrip.fr\/it\/\">www.humantrip.fr<\/a>\u00a0pu\u00f2 inserire dei cookie nel vostro computer. Questi cookie registrano le informazioni relative alla vostra navigazione sul nostro sito e possono essere utilizzati per memorizzare le informazioni che avete inserito durante la vostra visita. In questo modo, non sar\u00e0 necessario inserire nuovamente tali informazioni alla prossima visita. \u00c8 possibile impedire il salvataggio dei cookie configurando le impostazioni del browser.<\/p><h2>Link ad altri siti<\/h2><p>Il sito Humantrip contiene collegamenti a siti Web gestiti da altre organizzazioni e societ\u00e0. Facendo clic su questi link, si lascia il sito Humantrip. Humantrip non ha alcun controllo sul funzionamento di questi siti Web e il fatto che siano elencati sul sito Humantrip non implica in alcun modo che Humantrip ne sia responsabile. Qualsiasi informazione personale trasmessa tramite questi siti \u00e8 soggetta alla politica di protezione delle informazioni personali di tali siti. Si consiglia di prestare particolare attenzione alle politiche sulla privacy di questi siti.<\/p><\/div><\/div><\/div><\/section><\/div><\/div><\/div><\/div><\/section>\t\t\t\t\t\t\t\t<\/div>\n\t\t\t\t<\/div>\n\t\t\t\t\t<\/div>\n\t\t<\/div>\n\t\t\t\t\t<\/div>\n\t\t<\/section>\n\t\t\t\t<\/div>","protected":false},"excerpt":{"rendered":"<p>Les informations que vous communiquez sur le Site permettent \u00e0 Humantrip de traiter et ex\u00e9cuter vos commandes. Conform\u00e9ment \u00e0 l\u2019article 32 de la Loi Informatique et Libert\u00e9s du 6 janvier 1978, les informations indispensables \u00e0 Humantrip, pour traiter et ex\u00e9cuter les commandes, sont signal\u00e9es par un ast\u00e9risque dans les pages du Site.Les autres informations demand\u00e9es, [&hellip;]<\/p>\n","protected":false},"author":1,"featured_media":0,"parent":0,"menu_order":0,"comment_status":"closed","ping_status":"closed","template":"","meta":{"_acf_changed":false,"inline_featured_image":false,"footnotes":""},"class_list":["post-3780","page","type-page","status-publish","hentry"],"acf":[],"_links":{"self":[{"href":"https:\/\/www.humantrip.fr\/it\/wp-json\/wp\/v2\/pages\/3780","targetHints":{"allow":["GET"]}}],"collection":[{"href":"https:\/\/www.humantrip.fr\/it\/wp-json\/wp\/v2\/pages"}],"about":[{"href":"https:\/\/www.humantrip.fr\/it\/wp-json\/wp\/v2\/types\/page"}],"author":[{"embeddable":true,"href":"https:\/\/www.humantrip.fr\/it\/wp-json\/wp\/v2\/users\/1"}],"replies":[{"embeddable":true,"href":"https:\/\/www.humantrip.fr\/it\/wp-json\/wp\/v2\/comments?post=3780"}],"version-history":[{"count":5,"href":"https:\/\/www.humantrip.fr\/it\/wp-json\/wp\/v2\/pages\/3780\/revisions"}],"predecessor-version":[{"id":9129,"href":"https:\/\/www.humantrip.fr\/it\/wp-json\/wp\/v2\/pages\/3780\/revisions\/9129"}],"wp:attachment":[{"href":"https:\/\/www.humantrip.fr\/it\/wp-json\/wp\/v2\/media?parent=3780"}],"curies":[{"name":"wp","href":"https:\/\/api.w.org\/{rel}","templated":true}]}}